{"id":11773,"date":"2025-10-20T18:25:55","date_gmt":"2025-10-20T18:25:55","guid":{"rendered":"https:\/\/miamedic.lt\/?page_id=11773"},"modified":"2025-10-20T18:26:21","modified_gmt":"2025-10-20T18:26:21","slug":"vitaminas-e","status":"publish","type":"page","link":"https:\/\/miamedic.lt\/en\/vitaminas-e\/","title":{"rendered":"Vitaminas E"},"content":{"rendered":"<div data-elementor-type=\"wp-page\" data-elementor-id=\"11773\" class=\"elementor elementor-11773\">\n\t\t\t\t<div class=\"elementor-element elementor-element-31a8c31c e-flex e-con-boxed e-con e-parent\" data-id=\"31a8c31c\" data-element_type=\"container\" data-e-type=\"container\">\n\t\t\t\t\t<div class=\"e-con-inner\">\n\t\t<div class=\"elementor-element elementor-element-388e284e e-con-full e-flex e-con e-child\" data-id=\"388e284e\" data-element_type=\"container\" data-e-type=\"container\">\n\t\t\t\t<div class=\"elementor-element elementor-element-439cc823 elementor-widget elementor-widget-image\" data-id=\"439cc823\" data-element_type=\"widget\" data-e-type=\"widget\" data-widget_type=\"image.default\">\n\t\t\t\t<div class=\"elementor-widget-container\">\n\t\t\t\t\t\t\t\t\t\t\t\t\t\t\t<img fetchpriority=\"high\" decoding=\"async\" width=\"1800\" height=\"1800\" src=\"https:\/\/miamedic.lt\/wp-content\/uploads\/2025\/10\/laboratoriniai-tyrimai-miamedic.png\" class=\"attachment-full size-full wp-image-11572\" alt=\"laboratoriniai tyrimai miamedic\" srcset=\"https:\/\/miamedic.lt\/wp-content\/uploads\/2025\/10\/laboratoriniai-tyrimai-miamedic.png 1800w, https:\/\/miamedic.lt\/wp-content\/uploads\/2025\/10\/laboratoriniai-tyrimai-miamedic-460x460.png 460w, https:\/\/miamedic.lt\/wp-content\/uploads\/2025\/10\/laboratoriniai-tyrimai-miamedic-1520x1520.png 1520w, https:\/\/miamedic.lt\/wp-content\/uploads\/2025\/10\/laboratoriniai-tyrimai-miamedic-115x115.png 115w, https:\/\/miamedic.lt\/wp-content\/uploads\/2025\/10\/laboratoriniai-tyrimai-miamedic-760x760.png 760w, https:\/\/miamedic.lt\/wp-content\/uploads\/2025\/10\/laboratoriniai-tyrimai-miamedic-12x12.png 12w, https:\/\/miamedic.lt\/wp-content\/uploads\/2025\/10\/laboratoriniai-tyrimai-miamedic-920x920.png 920w, https:\/\/miamedic.lt\/wp-content\/uploads\/2025\/10\/laboratoriniai-tyrimai-miamedic-145x145.png 145w, https:\/\/miamedic.lt\/wp-content\/uploads\/2025\/10\/laboratoriniai-tyrimai-miamedic-290x290.png 290w, https:\/\/miamedic.lt\/wp-content\/uploads\/2025\/10\/laboratoriniai-tyrimai-miamedic-50x50.png 50w, https:\/\/miamedic.lt\/wp-content\/uploads\/2025\/10\/laboratoriniai-tyrimai-miamedic-100x100.png 100w\" sizes=\"(max-width: 1800px) 100vw, 1800px\" \/>\t\t\t\t\t\t\t\t\t\t\t\t\t\t\t<\/div>\n\t\t\t\t<\/div>\n\t\t\t\t<\/div>\n\t\t<div class=\"elementor-element elementor-element-4f3e85fe e-con-full e-flex e-con e-child\" data-id=\"4f3e85fe\" data-element_type=\"container\" data-e-type=\"container\">\n\t\t\t\t<div class=\"elementor-element elementor-element-50df4e61 elementor-widget elementor-widget-ideapark-heading\" data-id=\"50df4e61\" data-element_type=\"widget\" data-e-type=\"widget\" data-widget_type=\"ideapark-heading.default\">\n\t\t\t\t<div class=\"elementor-widget-container\">\n\t\t\t\t\t<div class=\"c-ip-heading c-ip-heading--small c-ip-heading--center c-ip-heading--bullet-hide\"><span class=\"c-ip-heading__inner\">LABORATORINIAI TYRIMAI<\/span><\/div>\t\t\t\t<\/div>\n\t\t\t\t<\/div>\n\t\t\t\t<div class=\"elementor-element elementor-element-22343d01 elementor-widget elementor-widget-ideapark-heading\" data-id=\"22343d01\" data-element_type=\"widget\" data-e-type=\"widget\" data-widget_type=\"ideapark-heading.default\">\n\t\t\t\t<div class=\"elementor-widget-container\">\n\t\t\t\t\t<div class=\"c-ip-heading c-ip-heading--medium c-ip-heading--center c-ip-heading--bullet-hide\"><span class=\"c-ip-heading__inner\">Vitaminas E<\/span><\/div>\t\t\t\t<\/div>\n\t\t\t\t<\/div>\n\t\t\t\t<div class=\"elementor-element elementor-element-5e7d84b elementor-widget elementor-widget-ideapark-heading\" data-id=\"5e7d84b\" data-element_type=\"widget\" data-e-type=\"widget\" data-widget_type=\"ideapark-heading.default\">\n\t\t\t\t<div class=\"elementor-widget-container\">\n\t\t\t\t\t<div class=\"c-ip-heading c-ip-heading--medium c-ip-heading--center c-ip-heading--bullet-hide\"><span class=\"c-ip-heading__inner\">Prek\u0117s kodas: 18907<\/span><\/div>\t\t\t\t<\/div>\n\t\t\t\t<\/div>\n\t\t<div class=\"elementor-element elementor-element-5f66d13c e-con-full e-flex e-con e-child\" data-id=\"5f66d13c\" data-element_type=\"container\" data-e-type=\"container\">\n\t\t<div class=\"elementor-element elementor-element-50b322c6 e-con-full e-flex e-con e-child\" data-id=\"50b322c6\" data-element_type=\"container\" data-e-type=\"container\" data-settings=\"{&quot;background_background&quot;:&quot;classic&quot;}\">\n\t\t\t\t<div class=\"elementor-element elementor-element-5d94257d elementor-widget elementor-widget-heading\" data-id=\"5d94257d\" data-element_type=\"widget\" data-e-type=\"widget\" data-widget_type=\"heading.default\">\n\t\t\t\t<div class=\"elementor-widget-container\">\n\t\t\t\t\t<h2 class=\"elementor-heading-title elementor-size-default\">50,0 \u20ac<\/h2>\t\t\t\t<\/div>\n\t\t\t\t<\/div>\n\t\t\t\t<\/div>\n\t\t\t\t<\/div>\n\t\t<div class=\"elementor-element elementor-element-172be3ea e-con-full e-flex e-con e-child\" data-id=\"172be3ea\" data-element_type=\"container\" data-e-type=\"container\">\n\t\t\t\t<div class=\"elementor-element elementor-element-f23467b elementor-view-default elementor-position-block-start elementor-mobile-position-block-start elementor-widget elementor-widget-icon-box\" data-id=\"f23467b\" data-element_type=\"widget\" data-e-type=\"widget\" data-widget_type=\"icon-box.default\">\n\t\t\t\t<div class=\"elementor-widget-container\">\n\t\t\t\t\t\t\t<div class=\"elementor-icon-box-wrapper\">\n\n\t\t\t\t\t\t<div class=\"elementor-icon-box-icon\">\n\t\t\t\t<span  class=\"elementor-icon\">\n\t\t\t\t<svg aria-hidden=\"true\" class=\"e-font-icon-svg e-fas-info-circle\" viewbox=\"0 0 512 512\" xmlns=\"http:\/\/www.w3.org\/2000\/svg\"><path d=\"M256 8C119.043 8 8 119.083 8 256c0 136.997 111.043 248 248 248s248-111.003 248-248C504 119.083 392.957 8 256 8zm0 110c23.196 0 42 18.804 42 42s-18.804 42-42 42-42-18.804-42-42 18.804-42 42-42zm56 254c0 6.627-5.373 12-12 12h-88c-6.627 0-12-5.373-12-12v-24c0-6.627 5.373-12 12-12h12v-64h-12c-6.627 0-12-5.373-12-12v-24c0-6.627 5.373-12 12-12h64c6.627 0 12 5.373 12 12v100h12c6.627 0 12 5.373 12 12v24z\"><\/path><\/svg>\t\t\t\t<\/span>\n\t\t\t<\/div>\n\t\t\t\n\t\t\t\t\t\t<div class=\"elementor-icon-box-content\">\n\n\t\t\t\t\t\t\t\t\t<h3 class=\"elementor-icon-box-title\">\n\t\t\t\t\t\t<span  >\n\t\t\t\t\t\t\tKraujo pa\u0117mimo mokestis 5,00 \u20ac \t\t\t\t\t\t<\/span>\n\t\t\t\t\t<\/h3>\n\t\t\t\t\n\t\t\t\t\n\t\t\t<\/div>\n\t\t\t\n\t\t<\/div>\n\t\t\t\t\t\t<\/div>\n\t\t\t\t<\/div>\n\t\t\t\t<div class=\"elementor-element elementor-element-60593dfa elementor-align-center elementor-widget elementor-widget-button\" data-id=\"60593dfa\" data-element_type=\"widget\" data-e-type=\"widget\" data-widget_type=\"button.default\">\n\t\t\t\t<div class=\"elementor-widget-container\">\n\t\t\t\t\t\t\t\t\t<div class=\"elementor-button-wrapper\">\n\t\t\t\t\t<a class=\"elementor-button elementor-button-link elementor-size-sm\" href=\"https:\/\/serveonline.lt\/cd3f8281-8a3c-4cda-9f55-0d38b44c062b\/company\" target=\"_blank\">\n\t\t\t\t\t\t<span class=\"elementor-button-content-wrapper\">\n\t\t\t\t\t\t\t\t\t<span class=\"elementor-button-text\">REGISTRACIJA INTERNETU<\/span>\n\t\t\t\t\t<\/span>\n\t\t\t\t\t<\/a>\n\t\t\t\t<\/div>\n\t\t\t\t\t\t\t\t<\/div>\n\t\t\t\t<\/div>\n\t\t\t\t<\/div>\n\t\t\t\t<\/div>\n\t\t\t\t\t<\/div>\n\t\t\t\t<\/div>\n\t\t<div class=\"elementor-element elementor-element-35e453b6 e-flex e-con-boxed e-con e-parent\" data-id=\"35e453b6\" data-element_type=\"container\" data-e-type=\"container\" data-settings=\"{&quot;background_background&quot;:&quot;classic&quot;}\">\n\t\t\t\t\t<div class=\"e-con-inner\">\n\t\t\t\t<div class=\"elementor-element elementor-element-3ac68def elementor-widget elementor-widget-ideapark-heading\" data-id=\"3ac68def\" data-element_type=\"widget\" data-e-type=\"widget\" data-widget_type=\"ideapark-heading.default\">\n\t\t\t\t<div class=\"elementor-widget-container\">\n\t\t\t\t\t<div class=\"c-ip-heading c-ip-heading--medium c-ip-heading--center c-ip-heading--bullet-hide\"><span class=\"c-ip-heading__inner\">TYRIMO APRA\u0160YMAS<\/span><\/div>\t\t\t\t<\/div>\n\t\t\t\t<\/div>\n\t\t\t\t\t<\/div>\n\t\t\t\t<\/div>\n\t\t<div class=\"elementor-element elementor-element-4c7a677 e-flex e-con-boxed e-con e-parent\" data-id=\"4c7a677\" data-element_type=\"container\" data-e-type=\"container\">\n\t\t\t\t\t<div class=\"e-con-inner\">\n\t\t\t\t<div class=\"elementor-element elementor-element-5b53247f elementor-widget elementor-widget-text-editor\" data-id=\"5b53247f\" data-element_type=\"widget\" data-e-type=\"widget\" data-widget_type=\"text-editor.default\">\n\t\t\t\t<div class=\"elementor-widget-container\">\n\t\t\t\t\t\t\t\t\t<p data-end=\"449\" data-start=\"108\"><strong data-end=\"144\" data-start=\"108\">Vitamino E (tokoferolio) tyrimas<\/strong> \u2013 tai kraujo tyrimas, skirtas nustatyti \u0161io <strong data-end=\"225\" data-start=\"189\">riebaluose tirpaus antioksidanto<\/strong> kiek\u012f organizme. Vitaminas E svarbus <strong data-end=\"315\" data-start=\"263\">l\u0105steli\u0173 membran\u0173 apsaugai nuo laisv\u0173j\u0173 radikal\u0173<\/strong>, veikia kaip <strong data-end=\"374\" data-start=\"329\">apsaugin\u0117 priemon\u0117 nuo oksidacinio streso<\/strong> bei dalyvauja <strong data-end=\"448\" data-start=\"389\">imunin\u0117s, kraujotakos ir reprodukcin\u0117s sistem\u0173 veikloje<\/strong>.<\/p><p data-end=\"789\" data-start=\"451\">Vitamino E poveikis pasirei\u0161kia slopinant kenksming\u0173 aplinkos ar organizme susidaran\u010di\u0173 med\u017eiag\u0173 poveik\u012f, tod\u0117l jis laikomas <strong data-end=\"633\" data-start=\"576\">vienu i\u0161 nat\u016brali\u0173 apsaugos veiksni\u0173 nuo l\u0117tini\u0173 lig\u0173<\/strong>, \u012fskaitant <strong data-end=\"683\" data-start=\"645\">v\u0117\u017e\u012f ir \u0161irdies-kraujagysli\u0173 ligas<\/strong>. Taip pat jis <strong data-end=\"725\" data-start=\"698\">ma\u017eina kraujo kre\u0161\u0117jim\u0105<\/strong>, slopina <strong data-end=\"763\" data-start=\"735\">tromb\u0173 susidarymo rizik\u0105<\/strong> ir <strong data-end=\"788\" data-start=\"767\">gerina kraujotak\u0105<\/strong>.<\/p><p data-end=\"1146\" data-start=\"791\">Vitaminas E kaupiasi <strong data-end=\"837\" data-start=\"812\">riebaliniame audinyje<\/strong>, tod\u0117l jo <strong data-end=\"907\" data-start=\"848\">perteklius taip pat gali tur\u0117ti nepageidaujam\u0173 pasekmi\u0173<\/strong>. Didel\u0117s doz\u0117s ilgainiui gali sukelti <strong data-end=\"967\" data-start=\"946\">kraujavimo rizik\u0105<\/strong>, <strong data-end=\"981\" data-start=\"969\">nuovarg\u012f<\/strong>, <strong data-end=\"1008\" data-start=\"983\">vir\u0161kinimo sutrikimus<\/strong>, <strong data-end=\"1028\" data-start=\"1010\">odos problemas<\/strong> ir <strong data-end=\"1056\" data-start=\"1032\">suma\u017e\u0117jus\u012f imunitet\u0105<\/strong>. Ilgalaikis vartojimas didel\u0117mis doz\u0117mis gali net padidinti <strong data-end=\"1145\" data-start=\"1117\">v\u0117\u017eio i\u0161sivystymo rizik\u0105<\/strong>.<\/p><p data-end=\"1492\" data-start=\"1148\"><strong data-end=\"1216\" data-start=\"1148\">Tr\u016bkumas da\u017eniausiai susij\u0119s su riebal\u0173 pasisavinimo sutrikimais<\/strong>, geltomis, kasos ar tul\u017eies p\u016bsl\u0117s ligomis, taip pat gali pasireik\u0161ti nei\u0161ne\u0161iotiems naujagimiams ar \u017emon\u0117ms, kuriems taikomas ilgalaikis badavimas. Tr\u016bkumo simptomai: <strong data-end=\"1459\" data-start=\"1385\">nerv\u0173 sistemos ir vir\u0161kinimo sutrikimai, alergijos, vyr\u0173 nevaisingumas<\/strong>, <strong data-end=\"1491\" data-start=\"1461\">moter\u0173 persileidimo rizika<\/strong>.<\/p><p data-end=\"1657\" data-start=\"1494\"><strong data-end=\"1515\" data-start=\"1494\">Tyrimo principas:<\/strong> Vitamino E kiekis nustatomas i\u0161 veninio kraujo serumo, da\u017eniausiai chromatografiniu metodu. Rezultatai pateikiami \u00b5mol\/l arba mg\/l vienetais.<\/p><p data-end=\"1678\" data-start=\"1659\"><strong data-end=\"1678\" data-start=\"1659\">Rekomendacijos:<\/strong><\/p><ul><li data-end=\"2239\" data-start=\"1680\">Rekomenduojama atlikti esant ilgalaikiam nuovargiui, nerv\u0173 sistemos, odos, vaisingumo ar imunin\u0117s sistemos sutrikimams.<\/li><li data-end=\"2239\" data-start=\"1680\">Naudinga pacientams, sergantiems kepen\u0173, kasos ar tul\u017eies p\u016bsl\u0117s ligomis, d\u0117l kuri\u0173 gali sutrikti riebal\u0173 rezorbcija.<\/li><li data-end=\"2239\" data-start=\"1680\">Skiriama naujagimiams ar nei\u0161ne\u0161iotiems k\u016bdikiams, taip pat \u017emon\u0117ms, kurie vartoja ma\u017eai riebal\u0173 arba laikosi ilgalaiki\u0173 diet\u0173.<\/li><li data-end=\"2239\" data-start=\"1680\">Atliekama vertinant antioksidacin\u0119 apsaug\u0105 ar \u012ftariant vitamino E perdozavim\u0105.<\/li><li data-end=\"2239\" data-start=\"1680\">Tyrimui rekomenduojama atvykti nevalgius, bent 8 val., vengti papild\u0173 su vitaminu E 1\u20132 dienas iki tyrimo.<\/li><\/ul>\t\t\t\t\t\t\t\t<\/div>\n\t\t\t\t<\/div>\n\t\t\t\t\t<\/div>\n\t\t\t\t<\/div>\n\t\t<div class=\"elementor-element elementor-element-15bb2a88 e-con-full e-flex e-con e-child\" data-id=\"15bb2a88\" data-element_type=\"container\" data-e-type=\"container\" data-settings=\"{&quot;background_background&quot;:&quot;classic&quot;}\">\n\t\t\t\t<div class=\"elementor-element elementor-element-24364b5d elementor-widget elementor-widget-ideapark-heading\" data-id=\"24364b5d\" data-element_type=\"widget\" data-e-type=\"widget\" data-widget_type=\"ideapark-heading.default\">\n\t\t\t\t<div class=\"elementor-widget-container\">\n\t\t\t\t\t<div class=\"c-ip-heading c-ip-heading--small c-ip-heading--center c-ip-heading--bullet-hide\"><span class=\"c-ip-heading__inner\">REGISTRUOKIT\u0116S INTERNETU<\/span><\/div>\t\t\t\t<\/div>\n\t\t\t\t<\/div>\n\t\t\t\t<div class=\"elementor-element elementor-element-6b41bea8 elementor-align-center elementor-widget elementor-widget-button\" data-id=\"6b41bea8\" data-element_type=\"widget\" data-e-type=\"widget\" data-widget_type=\"button.default\">\n\t\t\t\t<div class=\"elementor-widget-container\">\n\t\t\t\t\t\t\t\t\t<div class=\"elementor-button-wrapper\">\n\t\t\t\t\t<a class=\"elementor-button elementor-button-link elementor-size-sm\" href=\"https:\/\/serveonline.lt\/cd3f8281-8a3c-4cda-9f55-0d38b44c062b\/company\" target=\"_blank\">\n\t\t\t\t\t\t<span class=\"elementor-button-content-wrapper\">\n\t\t\t\t\t\t\t\t\t<span class=\"elementor-button-text\">REGISTRACIJA PER SERVE.LT<\/span>\n\t\t\t\t\t<\/span>\n\t\t\t\t\t<\/a>\n\t\t\t\t<\/div>\n\t\t\t\t\t\t\t\t<\/div>\n\t\t\t\t<\/div>\n\t\t\t\t<\/div>\n\t\t<div class=\"elementor-element elementor-element-72ad181d e-flex e-con-boxed e-con e-parent\" data-id=\"72ad181d\" data-element_type=\"container\" data-e-type=\"container\">\n\t\t\t\t\t<div class=\"e-con-inner\">\n\t\t\t\t<div class=\"elementor-element elementor-element-3e6f8cc2 elementor-widget elementor-widget-ideapark-heading\" data-id=\"3e6f8cc2\" data-element_type=\"widget\" data-e-type=\"widget\" data-widget_type=\"ideapark-heading.default\">\n\t\t\t\t<div class=\"elementor-widget-container\">\n\t\t\t\t\t<div class=\"c-ip-heading c-ip-heading--small c-ip-heading--center c-ip-heading--bullet-hide\"><span class=\"c-ip-heading__inner\">SEKITE MUS instagram<\/span><\/div>\t\t\t\t<\/div>\n\t\t\t\t<\/div>\n\t\t\t\t<div class=\"elementor-element elementor-element-5019b2cb elementor-widget elementor-widget-ideapark-heading\" data-id=\"5019b2cb\" data-element_type=\"widget\" data-e-type=\"widget\" data-widget_type=\"ideapark-heading.default\">\n\t\t\t\t<div class=\"elementor-widget-container\">\n\t\t\t\t\t<div class=\"c-ip-heading c-ip-heading--medium c-ip-heading--center c-ip-heading--bullet-hide\"><span class=\"c-ip-heading__inner\"><a href=\"http:\/\/www.instagram.com\/miamedic.lt\" target=\"_blank\"> @miamedic.lt<\/a><\/span><\/div>\t\t\t\t<\/div>\n\t\t\t\t<\/div>\n\t\t\t\t\t<\/div>\n\t\t\t\t<\/div>\n\t\t\t\t<\/div>","protected":false},"excerpt":{"rendered":"<p>LABORATORINIAI TYRIMAI Vitaminas E Prek\u0117s kodas: 18907 50,0 \u20ac Kraujo pa\u0117mimo mokestis 5,00 \u20ac REGISTRACIJA INTERNETU TYRIMO APRA\u0160YMAS Vitamino E (tokoferolio) tyrimas&hellip;<\/p>","protected":false},"author":1,"featured_media":0,"parent":0,"menu_order":0,"comment_status":"closed","ping_status":"closed","template":"elementor_header_footer","meta":{"footnotes":""},"class_list":["post-11773","page","type-page","status-publish","hentry"],"_links":{"self":[{"href":"https:\/\/miamedic.lt\/en\/wp-json\/wp\/v2\/pages\/11773","targetHints":{"allow":["GET"]}}],"collection":[{"href":"https:\/\/miamedic.lt\/en\/wp-json\/wp\/v2\/pages"}],"about":[{"href":"https:\/\/miamedic.lt\/en\/wp-json\/wp\/v2\/types\/page"}],"author":[{"embeddable":true,"href":"https:\/\/miamedic.lt\/en\/wp-json\/wp\/v2\/users\/1"}],"replies":[{"embeddable":true,"href":"https:\/\/miamedic.lt\/en\/wp-json\/wp\/v2\/comments?post=11773"}],"version-history":[{"count":4,"href":"https:\/\/miamedic.lt\/en\/wp-json\/wp\/v2\/pages\/11773\/revisions"}],"predecessor-version":[{"id":11777,"href":"https:\/\/miamedic.lt\/en\/wp-json\/wp\/v2\/pages\/11773\/revisions\/11777"}],"wp:attachment":[{"href":"https:\/\/miamedic.lt\/en\/wp-json\/wp\/v2\/media?parent=11773"}],"curies":[{"name":"wp","href":"https:\/\/api.w.org\/{rel}","templated":true}]}}