{"id":11767,"date":"2025-10-20T18:24:39","date_gmt":"2025-10-20T18:24:39","guid":{"rendered":"https:\/\/miamedic.lt\/?page_id=11767"},"modified":"2025-10-20T18:25:12","modified_gmt":"2025-10-20T18:25:12","slug":"vitaminas-c","status":"publish","type":"page","link":"https:\/\/miamedic.lt\/en\/vitaminas-c\/","title":{"rendered":"Vitaminas C"},"content":{"rendered":"<div data-elementor-type=\"wp-page\" data-elementor-id=\"11767\" class=\"elementor elementor-11767\">\n\t\t\t\t<div class=\"elementor-element elementor-element-26c7487f e-flex e-con-boxed e-con e-parent\" data-id=\"26c7487f\" data-element_type=\"container\" data-e-type=\"container\">\n\t\t\t\t\t<div class=\"e-con-inner\">\n\t\t<div class=\"elementor-element elementor-element-181cbc e-con-full e-flex e-con e-child\" data-id=\"181cbc\" data-element_type=\"container\" data-e-type=\"container\">\n\t\t\t\t<div class=\"elementor-element elementor-element-f19ec8 elementor-widget elementor-widget-image\" data-id=\"f19ec8\" data-element_type=\"widget\" data-e-type=\"widget\" data-widget_type=\"image.default\">\n\t\t\t\t<div class=\"elementor-widget-container\">\n\t\t\t\t\t\t\t\t\t\t\t\t\t\t\t<img fetchpriority=\"high\" decoding=\"async\" width=\"1800\" height=\"1800\" src=\"https:\/\/miamedic.lt\/wp-content\/uploads\/2025\/10\/laboratoriniai-tyrimai-miamedic.png\" class=\"attachment-full size-full wp-image-11572\" alt=\"laboratoriniai tyrimai miamedic\" srcset=\"https:\/\/miamedic.lt\/wp-content\/uploads\/2025\/10\/laboratoriniai-tyrimai-miamedic.png 1800w, https:\/\/miamedic.lt\/wp-content\/uploads\/2025\/10\/laboratoriniai-tyrimai-miamedic-460x460.png 460w, https:\/\/miamedic.lt\/wp-content\/uploads\/2025\/10\/laboratoriniai-tyrimai-miamedic-1520x1520.png 1520w, https:\/\/miamedic.lt\/wp-content\/uploads\/2025\/10\/laboratoriniai-tyrimai-miamedic-115x115.png 115w, https:\/\/miamedic.lt\/wp-content\/uploads\/2025\/10\/laboratoriniai-tyrimai-miamedic-760x760.png 760w, https:\/\/miamedic.lt\/wp-content\/uploads\/2025\/10\/laboratoriniai-tyrimai-miamedic-12x12.png 12w, https:\/\/miamedic.lt\/wp-content\/uploads\/2025\/10\/laboratoriniai-tyrimai-miamedic-920x920.png 920w, https:\/\/miamedic.lt\/wp-content\/uploads\/2025\/10\/laboratoriniai-tyrimai-miamedic-145x145.png 145w, https:\/\/miamedic.lt\/wp-content\/uploads\/2025\/10\/laboratoriniai-tyrimai-miamedic-290x290.png 290w, https:\/\/miamedic.lt\/wp-content\/uploads\/2025\/10\/laboratoriniai-tyrimai-miamedic-50x50.png 50w, https:\/\/miamedic.lt\/wp-content\/uploads\/2025\/10\/laboratoriniai-tyrimai-miamedic-100x100.png 100w\" sizes=\"(max-width: 1800px) 100vw, 1800px\" \/>\t\t\t\t\t\t\t\t\t\t\t\t\t\t\t<\/div>\n\t\t\t\t<\/div>\n\t\t\t\t<\/div>\n\t\t<div class=\"elementor-element elementor-element-258306e4 e-con-full e-flex e-con e-child\" data-id=\"258306e4\" data-element_type=\"container\" data-e-type=\"container\">\n\t\t\t\t<div class=\"elementor-element elementor-element-50c1c338 elementor-widget elementor-widget-ideapark-heading\" data-id=\"50c1c338\" data-element_type=\"widget\" data-e-type=\"widget\" data-widget_type=\"ideapark-heading.default\">\n\t\t\t\t<div class=\"elementor-widget-container\">\n\t\t\t\t\t<div class=\"c-ip-heading c-ip-heading--small c-ip-heading--center c-ip-heading--bullet-hide\"><span class=\"c-ip-heading__inner\">LABORATORINIAI TYRIMAI<\/span><\/div>\t\t\t\t<\/div>\n\t\t\t\t<\/div>\n\t\t\t\t<div class=\"elementor-element elementor-element-6e594ed0 elementor-widget elementor-widget-ideapark-heading\" data-id=\"6e594ed0\" data-element_type=\"widget\" data-e-type=\"widget\" data-widget_type=\"ideapark-heading.default\">\n\t\t\t\t<div class=\"elementor-widget-container\">\n\t\t\t\t\t<div class=\"c-ip-heading c-ip-heading--medium c-ip-heading--center c-ip-heading--bullet-hide\"><span class=\"c-ip-heading__inner\">Vitaminas C<\/span><\/div>\t\t\t\t<\/div>\n\t\t\t\t<\/div>\n\t\t\t\t<div class=\"elementor-element elementor-element-22b65ff6 elementor-widget elementor-widget-ideapark-heading\" data-id=\"22b65ff6\" data-element_type=\"widget\" data-e-type=\"widget\" data-widget_type=\"ideapark-heading.default\">\n\t\t\t\t<div class=\"elementor-widget-container\">\n\t\t\t\t\t<div class=\"c-ip-heading c-ip-heading--medium c-ip-heading--center c-ip-heading--bullet-hide\"><span class=\"c-ip-heading__inner\">Prek\u0117s kodas: 18908<\/span><\/div>\t\t\t\t<\/div>\n\t\t\t\t<\/div>\n\t\t<div class=\"elementor-element elementor-element-3bc231e3 e-con-full e-flex e-con e-child\" data-id=\"3bc231e3\" data-element_type=\"container\" data-e-type=\"container\">\n\t\t<div class=\"elementor-element elementor-element-2dd1fff2 e-con-full e-flex e-con e-child\" data-id=\"2dd1fff2\" data-element_type=\"container\" data-e-type=\"container\" data-settings=\"{&quot;background_background&quot;:&quot;classic&quot;}\">\n\t\t\t\t<div class=\"elementor-element elementor-element-508edda7 elementor-widget elementor-widget-heading\" data-id=\"508edda7\" data-element_type=\"widget\" data-e-type=\"widget\" data-widget_type=\"heading.default\">\n\t\t\t\t<div class=\"elementor-widget-container\">\n\t\t\t\t\t<h2 class=\"elementor-heading-title elementor-size-default\">75,00 \u20ac<\/h2>\t\t\t\t<\/div>\n\t\t\t\t<\/div>\n\t\t\t\t<\/div>\n\t\t\t\t<\/div>\n\t\t<div class=\"elementor-element elementor-element-504788de e-con-full e-flex e-con e-child\" data-id=\"504788de\" data-element_type=\"container\" data-e-type=\"container\">\n\t\t\t\t<div class=\"elementor-element elementor-element-63d1a5a2 elementor-view-default elementor-position-block-start elementor-mobile-position-block-start elementor-widget elementor-widget-icon-box\" data-id=\"63d1a5a2\" data-element_type=\"widget\" data-e-type=\"widget\" data-widget_type=\"icon-box.default\">\n\t\t\t\t<div class=\"elementor-widget-container\">\n\t\t\t\t\t\t\t<div class=\"elementor-icon-box-wrapper\">\n\n\t\t\t\t\t\t<div class=\"elementor-icon-box-icon\">\n\t\t\t\t<span  class=\"elementor-icon\">\n\t\t\t\t<svg aria-hidden=\"true\" class=\"e-font-icon-svg e-fas-info-circle\" viewbox=\"0 0 512 512\" xmlns=\"http:\/\/www.w3.org\/2000\/svg\"><path d=\"M256 8C119.043 8 8 119.083 8 256c0 136.997 111.043 248 248 248s248-111.003 248-248C504 119.083 392.957 8 256 8zm0 110c23.196 0 42 18.804 42 42s-18.804 42-42 42-42-18.804-42-42 18.804-42 42-42zm56 254c0 6.627-5.373 12-12 12h-88c-6.627 0-12-5.373-12-12v-24c0-6.627 5.373-12 12-12h12v-64h-12c-6.627 0-12-5.373-12-12v-24c0-6.627 5.373-12 12-12h64c6.627 0 12 5.373 12 12v100h12c6.627 0 12 5.373 12 12v24z\"><\/path><\/svg>\t\t\t\t<\/span>\n\t\t\t<\/div>\n\t\t\t\n\t\t\t\t\t\t<div class=\"elementor-icon-box-content\">\n\n\t\t\t\t\t\t\t\t\t<h3 class=\"elementor-icon-box-title\">\n\t\t\t\t\t\t<span  >\n\t\t\t\t\t\t\tKraujo pa\u0117mimo mokestis 5,00 \u20ac \t\t\t\t\t\t<\/span>\n\t\t\t\t\t<\/h3>\n\t\t\t\t\n\t\t\t\t\n\t\t\t<\/div>\n\t\t\t\n\t\t<\/div>\n\t\t\t\t\t\t<\/div>\n\t\t\t\t<\/div>\n\t\t\t\t<div class=\"elementor-element elementor-element-5cbcb5ed elementor-align-center elementor-widget elementor-widget-button\" data-id=\"5cbcb5ed\" data-element_type=\"widget\" data-e-type=\"widget\" data-widget_type=\"button.default\">\n\t\t\t\t<div class=\"elementor-widget-container\">\n\t\t\t\t\t\t\t\t\t<div class=\"elementor-button-wrapper\">\n\t\t\t\t\t<a class=\"elementor-button elementor-button-link elementor-size-sm\" href=\"https:\/\/serveonline.lt\/cd3f8281-8a3c-4cda-9f55-0d38b44c062b\/company\" target=\"_blank\">\n\t\t\t\t\t\t<span class=\"elementor-button-content-wrapper\">\n\t\t\t\t\t\t\t\t\t<span class=\"elementor-button-text\">REGISTRACIJA INTERNETU<\/span>\n\t\t\t\t\t<\/span>\n\t\t\t\t\t<\/a>\n\t\t\t\t<\/div>\n\t\t\t\t\t\t\t\t<\/div>\n\t\t\t\t<\/div>\n\t\t\t\t<\/div>\n\t\t\t\t<\/div>\n\t\t\t\t\t<\/div>\n\t\t\t\t<\/div>\n\t\t<div class=\"elementor-element elementor-element-483f8470 e-flex e-con-boxed e-con e-parent\" data-id=\"483f8470\" data-element_type=\"container\" data-e-type=\"container\" data-settings=\"{&quot;background_background&quot;:&quot;classic&quot;}\">\n\t\t\t\t\t<div class=\"e-con-inner\">\n\t\t\t\t<div class=\"elementor-element elementor-element-51c8f9bf elementor-widget elementor-widget-ideapark-heading\" data-id=\"51c8f9bf\" data-element_type=\"widget\" data-e-type=\"widget\" data-widget_type=\"ideapark-heading.default\">\n\t\t\t\t<div class=\"elementor-widget-container\">\n\t\t\t\t\t<div class=\"c-ip-heading c-ip-heading--medium c-ip-heading--center c-ip-heading--bullet-hide\"><span class=\"c-ip-heading__inner\">TYRIMO APRA\u0160YMAS<\/span><\/div>\t\t\t\t<\/div>\n\t\t\t\t<\/div>\n\t\t\t\t\t<\/div>\n\t\t\t\t<\/div>\n\t\t<div class=\"elementor-element elementor-element-69597e4f e-flex e-con-boxed e-con e-parent\" data-id=\"69597e4f\" data-element_type=\"container\" data-e-type=\"container\">\n\t\t\t\t\t<div class=\"e-con-inner\">\n\t\t\t\t<div class=\"elementor-element elementor-element-230fa8d9 elementor-widget elementor-widget-text-editor\" data-id=\"230fa8d9\" data-element_type=\"widget\" data-e-type=\"widget\" data-widget_type=\"text-editor.default\">\n\t\t\t\t<div class=\"elementor-widget-container\">\n\t\t\t\t\t\t\t\t\t<p data-end=\"558\" data-start=\"127\"><strong data-end=\"168\" data-start=\"127\">Vitamino C (askorbo r\u016bg\u0161ties) tyrimas<\/strong> \u2013 tai kraujo tyrimas, skirtas \u012fvertinti <strong data-end=\"248\" data-start=\"209\">\u0161io vandenyje tirpaus antioksidanto<\/strong> kiek\u012f organizme. Vitaminas C yra b\u016btinas daugeliui gyvybi\u0161kai svarbi\u0173 proces\u0173: <strong data-end=\"465\" data-start=\"328\">kolageno sintezei, imuninei funkcijai, \u017eaizd\u0173 gijimui, gele\u017eies pasisavinimui, hormon\u0173 (dopamino, noradrenalino, adrenalino) sintezei<\/strong>, taip pat veikia kaip <strong data-end=\"514\" data-start=\"488\">stiprus antioksidantas<\/strong>, saugantis l\u0105steles nuo oksidacinio streso.<\/p><p data-end=\"696\" data-start=\"560\">Vitaminas C dalyvauja <strong data-end=\"611\" data-start=\"582\">hidroksilinimo reakcijose<\/strong>, yra b\u016btinas <strong data-end=\"647\" data-start=\"625\">karnitino sintezei<\/strong>, kuris reikalingas energijos gamybai l\u0105stel\u0117se.<\/p><p data-end=\"932\" data-start=\"698\">Pagrindiniai nat\u016bral\u016bs vitamino C \u0161altiniai \u2013 <strong data-end=\"931\" data-start=\"744\">citrusiniai vaisiai (citrinos, apelsinai, greipfrutai), juodieji serbentai, bra\u0161k\u0117s, pomidorai, bulv\u0117s, svog\u016bnai, \u0161pinatai, brokoliai, \u017eiediniai ir Briuselio kop\u016bstai, kiviai, papajos<\/strong>.<\/p><p data-end=\"1206\" data-start=\"934\">Tr\u016bkstant askorbo r\u016bg\u0161ties i\u0161sivysto <strong data-end=\"984\" data-start=\"971\">skorbutas<\/strong> \u2013 reta, bet pavojinga avitaminoz\u0117, pasirei\u0161kianti:<br \/>\u2013 danten\u0173 kraujavimu ir dant\u0173 netekimu,<br data-end=\"1078\" data-start=\"1075\" \/>\u2013 padid\u0117jusiu kraujavimu ir kraujagysli\u0173 trapumu,<br data-end=\"1130\" data-start=\"1127\" \/>\u2013 prastu \u017eaizd\u0173 gijimu,<br data-end=\"1156\" data-start=\"1153\" \/>\u2013 nusilpusia imunine sistema,<br data-end=\"1188\" data-start=\"1185\" \/>\u2013 ne\u017eymia anemija.<\/p><p data-end=\"1388\" data-start=\"1208\"><strong data-end=\"1255\" data-start=\"1208\">Vitamino C perdozavimas yra retas rei\u0161kinys<\/strong>, da\u017eniausiai pasirei\u0161kia <strong data-end=\"1340\" data-start=\"1281\">pykinimu, viduriavimu, retai \u2013 inkst\u0173 akmen\u0173 susidarymu<\/strong>, ypa\u010d vartojant dideles (&gt;10 g per par\u0105) dozes.<\/p><p data-end=\"1579\" data-start=\"1390\"><strong data-end=\"1411\" data-start=\"1390\">Tyrimo principas:<\/strong> Vitamino C kiekis nustatomas i\u0161 veninio kraujo (plazmos) arba \u0161lapimo spektrofotometriniu ar chromatografiniu metodu. Rezultatai pateikiami \u00b5mol\/l arba mg\/l vienetais.<\/p><p data-end=\"1600\" data-start=\"1581\"><strong data-end=\"1600\" data-start=\"1581\">Rekomendacijos:<\/strong><\/p><ul><li data-end=\"2154\" data-start=\"1602\">Rekomenduojama atlikti \u012ftariant vitamino C tr\u016bkum\u0105 \u2013 esant da\u017enam kraujavimui, blogam \u017eaizd\u0173 gijimui, silpnumui ar infekcij\u0173 pasikartojimui.<\/li><li data-end=\"2154\" data-start=\"1602\">Naudinga vertinant mitybos b\u016bkl\u0119, ypa\u010d vyresnio am\u017eiaus \u017emon\u0117ms, vaikams, sergantiesiems \u017earnyno ligomis ar alkoholizmu.<\/li><li data-end=\"2154\" data-start=\"1602\">Skiriama pacientams po chirurgini\u0173 operacij\u0173, esant ilgalaikiam fiziniam ar emociniam stresui.<\/li><li data-end=\"2154\" data-start=\"1602\">Atliekama, jei \u012ftariamas per didelis ar nepagr\u012fstas maisto papild\u0173 su vitaminu C vartojimas.<\/li><li data-end=\"2154\" data-start=\"1602\">Tyrimui rekomenduojama atvykti nevalgius, prie\u0161 tai bent 24 val. nevartoti vitamino C papild\u0173.<\/li><\/ul>\t\t\t\t\t\t\t\t<\/div>\n\t\t\t\t<\/div>\n\t\t\t\t\t<\/div>\n\t\t\t\t<\/div>\n\t\t<div class=\"elementor-element elementor-element-5c07fbd7 e-con-full e-flex e-con e-child\" data-id=\"5c07fbd7\" data-element_type=\"container\" data-e-type=\"container\" data-settings=\"{&quot;background_background&quot;:&quot;classic&quot;}\">\n\t\t\t\t<div class=\"elementor-element elementor-element-1c1ab66 elementor-widget elementor-widget-ideapark-heading\" data-id=\"1c1ab66\" data-element_type=\"widget\" data-e-type=\"widget\" data-widget_type=\"ideapark-heading.default\">\n\t\t\t\t<div class=\"elementor-widget-container\">\n\t\t\t\t\t<div class=\"c-ip-heading c-ip-heading--small c-ip-heading--center c-ip-heading--bullet-hide\"><span class=\"c-ip-heading__inner\">REGISTRUOKIT\u0116S INTERNETU<\/span><\/div>\t\t\t\t<\/div>\n\t\t\t\t<\/div>\n\t\t\t\t<div class=\"elementor-element elementor-element-56d9cc25 elementor-align-center elementor-widget elementor-widget-button\" data-id=\"56d9cc25\" data-element_type=\"widget\" data-e-type=\"widget\" data-widget_type=\"button.default\">\n\t\t\t\t<div class=\"elementor-widget-container\">\n\t\t\t\t\t\t\t\t\t<div class=\"elementor-button-wrapper\">\n\t\t\t\t\t<a class=\"elementor-button elementor-button-link elementor-size-sm\" href=\"https:\/\/serveonline.lt\/cd3f8281-8a3c-4cda-9f55-0d38b44c062b\/company\" target=\"_blank\">\n\t\t\t\t\t\t<span class=\"elementor-button-content-wrapper\">\n\t\t\t\t\t\t\t\t\t<span class=\"elementor-button-text\">REGISTRACIJA PER SERVE.LT<\/span>\n\t\t\t\t\t<\/span>\n\t\t\t\t\t<\/a>\n\t\t\t\t<\/div>\n\t\t\t\t\t\t\t\t<\/div>\n\t\t\t\t<\/div>\n\t\t\t\t<\/div>\n\t\t<div class=\"elementor-element elementor-element-fdd66e3 e-flex e-con-boxed e-con e-parent\" data-id=\"fdd66e3\" data-element_type=\"container\" data-e-type=\"container\">\n\t\t\t\t\t<div class=\"e-con-inner\">\n\t\t\t\t<div class=\"elementor-element elementor-element-510f428c elementor-widget elementor-widget-ideapark-heading\" data-id=\"510f428c\" data-element_type=\"widget\" data-e-type=\"widget\" data-widget_type=\"ideapark-heading.default\">\n\t\t\t\t<div class=\"elementor-widget-container\">\n\t\t\t\t\t<div class=\"c-ip-heading c-ip-heading--small c-ip-heading--center c-ip-heading--bullet-hide\"><span class=\"c-ip-heading__inner\">SEKITE MUS instagram<\/span><\/div>\t\t\t\t<\/div>\n\t\t\t\t<\/div>\n\t\t\t\t<div class=\"elementor-element elementor-element-7785756e elementor-widget elementor-widget-ideapark-heading\" data-id=\"7785756e\" data-element_type=\"widget\" data-e-type=\"widget\" data-widget_type=\"ideapark-heading.default\">\n\t\t\t\t<div class=\"elementor-widget-container\">\n\t\t\t\t\t<div class=\"c-ip-heading c-ip-heading--medium c-ip-heading--center c-ip-heading--bullet-hide\"><span class=\"c-ip-heading__inner\"><a href=\"http:\/\/www.instagram.com\/miamedic.lt\" target=\"_blank\"> @miamedic.lt<\/a><\/span><\/div>\t\t\t\t<\/div>\n\t\t\t\t<\/div>\n\t\t\t\t\t<\/div>\n\t\t\t\t<\/div>\n\t\t\t\t<\/div>","protected":false},"excerpt":{"rendered":"<p>LABORATORINIAI TYRIMAI Vitaminas C Prek\u0117s kodas: 18908 75,00 \u20ac Kraujo pa\u0117mimo mokestis 5,00 \u20ac REGISTRACIJA INTERNETU TYRIMO APRA\u0160YMAS Vitamino C (askorbo r\u016bg\u0161ties)&hellip;<\/p>","protected":false},"author":1,"featured_media":0,"parent":0,"menu_order":0,"comment_status":"closed","ping_status":"closed","template":"elementor_header_footer","meta":{"footnotes":""},"class_list":["post-11767","page","type-page","status-publish","hentry"],"_links":{"self":[{"href":"https:\/\/miamedic.lt\/en\/wp-json\/wp\/v2\/pages\/11767","targetHints":{"allow":["GET"]}}],"collection":[{"href":"https:\/\/miamedic.lt\/en\/wp-json\/wp\/v2\/pages"}],"about":[{"href":"https:\/\/miamedic.lt\/en\/wp-json\/wp\/v2\/types\/page"}],"author":[{"embeddable":true,"href":"https:\/\/miamedic.lt\/en\/wp-json\/wp\/v2\/users\/1"}],"replies":[{"embeddable":true,"href":"https:\/\/miamedic.lt\/en\/wp-json\/wp\/v2\/comments?post=11767"}],"version-history":[{"count":4,"href":"https:\/\/miamedic.lt\/en\/wp-json\/wp\/v2\/pages\/11767\/revisions"}],"predecessor-version":[{"id":11772,"href":"https:\/\/miamedic.lt\/en\/wp-json\/wp\/v2\/pages\/11767\/revisions\/11772"}],"wp:attachment":[{"href":"https:\/\/miamedic.lt\/en\/wp-json\/wp\/v2\/media?parent=11767"}],"curies":[{"name":"wp","href":"https:\/\/api.w.org\/{rel}","templated":true}]}}