{"id":11743,"date":"2025-10-20T18:15:51","date_gmt":"2025-10-20T18:15:51","guid":{"rendered":"https:\/\/miamedic.lt\/?page_id=11743"},"modified":"2025-10-20T18:16:27","modified_gmt":"2025-10-20T18:16:27","slug":"vitaminas-b5","status":"publish","type":"page","link":"https:\/\/miamedic.lt\/en\/vitaminas-b5\/","title":{"rendered":"Vitaminas B5"},"content":{"rendered":"<div data-elementor-type=\"wp-page\" data-elementor-id=\"11743\" class=\"elementor elementor-11743\">\n\t\t\t\t<div class=\"elementor-element elementor-element-10ba6810 e-flex e-con-boxed e-con e-parent\" data-id=\"10ba6810\" data-element_type=\"container\" data-e-type=\"container\">\n\t\t\t\t\t<div class=\"e-con-inner\">\n\t\t<div class=\"elementor-element elementor-element-4dfb7bed e-con-full e-flex e-con e-child\" data-id=\"4dfb7bed\" data-element_type=\"container\" data-e-type=\"container\">\n\t\t\t\t<div class=\"elementor-element elementor-element-7679cfe7 elementor-widget elementor-widget-image\" data-id=\"7679cfe7\" data-element_type=\"widget\" data-e-type=\"widget\" data-widget_type=\"image.default\">\n\t\t\t\t<div class=\"elementor-widget-container\">\n\t\t\t\t\t\t\t\t\t\t\t\t\t\t\t<img fetchpriority=\"high\" decoding=\"async\" width=\"1800\" height=\"1800\" src=\"https:\/\/miamedic.lt\/wp-content\/uploads\/2025\/10\/laboratoriniai-tyrimai-miamedic.png\" class=\"attachment-full size-full wp-image-11572\" alt=\"laboratoriniai tyrimai miamedic\" srcset=\"https:\/\/miamedic.lt\/wp-content\/uploads\/2025\/10\/laboratoriniai-tyrimai-miamedic.png 1800w, https:\/\/miamedic.lt\/wp-content\/uploads\/2025\/10\/laboratoriniai-tyrimai-miamedic-460x460.png 460w, https:\/\/miamedic.lt\/wp-content\/uploads\/2025\/10\/laboratoriniai-tyrimai-miamedic-1520x1520.png 1520w, https:\/\/miamedic.lt\/wp-content\/uploads\/2025\/10\/laboratoriniai-tyrimai-miamedic-115x115.png 115w, https:\/\/miamedic.lt\/wp-content\/uploads\/2025\/10\/laboratoriniai-tyrimai-miamedic-760x760.png 760w, https:\/\/miamedic.lt\/wp-content\/uploads\/2025\/10\/laboratoriniai-tyrimai-miamedic-12x12.png 12w, https:\/\/miamedic.lt\/wp-content\/uploads\/2025\/10\/laboratoriniai-tyrimai-miamedic-920x920.png 920w, https:\/\/miamedic.lt\/wp-content\/uploads\/2025\/10\/laboratoriniai-tyrimai-miamedic-145x145.png 145w, https:\/\/miamedic.lt\/wp-content\/uploads\/2025\/10\/laboratoriniai-tyrimai-miamedic-290x290.png 290w, https:\/\/miamedic.lt\/wp-content\/uploads\/2025\/10\/laboratoriniai-tyrimai-miamedic-50x50.png 50w, https:\/\/miamedic.lt\/wp-content\/uploads\/2025\/10\/laboratoriniai-tyrimai-miamedic-100x100.png 100w\" sizes=\"(max-width: 1800px) 100vw, 1800px\" \/>\t\t\t\t\t\t\t\t\t\t\t\t\t\t\t<\/div>\n\t\t\t\t<\/div>\n\t\t\t\t<\/div>\n\t\t<div class=\"elementor-element elementor-element-dc7c491 e-con-full e-flex e-con e-child\" data-id=\"dc7c491\" data-element_type=\"container\" data-e-type=\"container\">\n\t\t\t\t<div class=\"elementor-element elementor-element-6fafacab elementor-widget elementor-widget-ideapark-heading\" data-id=\"6fafacab\" data-element_type=\"widget\" data-e-type=\"widget\" data-widget_type=\"ideapark-heading.default\">\n\t\t\t\t<div class=\"elementor-widget-container\">\n\t\t\t\t\t<div class=\"c-ip-heading c-ip-heading--small c-ip-heading--center c-ip-heading--bullet-hide\"><span class=\"c-ip-heading__inner\">LABORATORINIAI TYRIMAI<\/span><\/div>\t\t\t\t<\/div>\n\t\t\t\t<\/div>\n\t\t\t\t<div class=\"elementor-element elementor-element-6d6a3986 elementor-widget elementor-widget-ideapark-heading\" data-id=\"6d6a3986\" data-element_type=\"widget\" data-e-type=\"widget\" data-widget_type=\"ideapark-heading.default\">\n\t\t\t\t<div class=\"elementor-widget-container\">\n\t\t\t\t\t<div class=\"c-ip-heading c-ip-heading--medium c-ip-heading--center c-ip-heading--bullet-hide\"><span class=\"c-ip-heading__inner\">Vitaminas B5 (Panteno r\u016bg\u0161tis)<\/span><\/div>\t\t\t\t<\/div>\n\t\t\t\t<\/div>\n\t\t\t\t<div class=\"elementor-element elementor-element-5f4e0461 elementor-widget elementor-widget-ideapark-heading\" data-id=\"5f4e0461\" data-element_type=\"widget\" data-e-type=\"widget\" data-widget_type=\"ideapark-heading.default\">\n\t\t\t\t<div class=\"elementor-widget-container\">\n\t\t\t\t\t<div class=\"c-ip-heading c-ip-heading--medium c-ip-heading--center c-ip-heading--bullet-hide\"><span class=\"c-ip-heading__inner\">Prek\u0117s kodas: 18920<\/span><\/div>\t\t\t\t<\/div>\n\t\t\t\t<\/div>\n\t\t<div class=\"elementor-element elementor-element-4d9c4547 e-con-full e-flex e-con e-child\" data-id=\"4d9c4547\" data-element_type=\"container\" data-e-type=\"container\">\n\t\t<div class=\"elementor-element elementor-element-607b575d e-con-full e-flex e-con e-child\" data-id=\"607b575d\" data-element_type=\"container\" data-e-type=\"container\" data-settings=\"{&quot;background_background&quot;:&quot;classic&quot;}\">\n\t\t\t\t<div class=\"elementor-element elementor-element-3bb716d7 elementor-widget elementor-widget-heading\" data-id=\"3bb716d7\" data-element_type=\"widget\" data-e-type=\"widget\" data-widget_type=\"heading.default\">\n\t\t\t\t<div class=\"elementor-widget-container\">\n\t\t\t\t\t<h2 class=\"elementor-heading-title elementor-size-default\">120,00 \u20ac<\/h2>\t\t\t\t<\/div>\n\t\t\t\t<\/div>\n\t\t\t\t<\/div>\n\t\t\t\t<\/div>\n\t\t<div class=\"elementor-element elementor-element-7f31afb8 e-con-full e-flex e-con e-child\" data-id=\"7f31afb8\" data-element_type=\"container\" data-e-type=\"container\">\n\t\t\t\t<div class=\"elementor-element elementor-element-152bd29 elementor-view-default elementor-position-block-start elementor-mobile-position-block-start elementor-widget elementor-widget-icon-box\" data-id=\"152bd29\" data-element_type=\"widget\" data-e-type=\"widget\" data-widget_type=\"icon-box.default\">\n\t\t\t\t<div class=\"elementor-widget-container\">\n\t\t\t\t\t\t\t<div class=\"elementor-icon-box-wrapper\">\n\n\t\t\t\t\t\t<div class=\"elementor-icon-box-icon\">\n\t\t\t\t<span  class=\"elementor-icon\">\n\t\t\t\t<svg aria-hidden=\"true\" class=\"e-font-icon-svg e-fas-info-circle\" viewbox=\"0 0 512 512\" xmlns=\"http:\/\/www.w3.org\/2000\/svg\"><path d=\"M256 8C119.043 8 8 119.083 8 256c0 136.997 111.043 248 248 248s248-111.003 248-248C504 119.083 392.957 8 256 8zm0 110c23.196 0 42 18.804 42 42s-18.804 42-42 42-42-18.804-42-42 18.804-42 42-42zm56 254c0 6.627-5.373 12-12 12h-88c-6.627 0-12-5.373-12-12v-24c0-6.627 5.373-12 12-12h12v-64h-12c-6.627 0-12-5.373-12-12v-24c0-6.627 5.373-12 12-12h64c6.627 0 12 5.373 12 12v100h12c6.627 0 12 5.373 12 12v24z\"><\/path><\/svg>\t\t\t\t<\/span>\n\t\t\t<\/div>\n\t\t\t\n\t\t\t\t\t\t<div class=\"elementor-icon-box-content\">\n\n\t\t\t\t\t\t\t\t\t<h3 class=\"elementor-icon-box-title\">\n\t\t\t\t\t\t<span  >\n\t\t\t\t\t\t\tKraujo pa\u0117mimo mokestis 5,00 \u20ac \t\t\t\t\t\t<\/span>\n\t\t\t\t\t<\/h3>\n\t\t\t\t\n\t\t\t\t\n\t\t\t<\/div>\n\t\t\t\n\t\t<\/div>\n\t\t\t\t\t\t<\/div>\n\t\t\t\t<\/div>\n\t\t\t\t<div class=\"elementor-element elementor-element-6f5db0c9 elementor-align-center elementor-widget elementor-widget-button\" data-id=\"6f5db0c9\" data-element_type=\"widget\" data-e-type=\"widget\" data-widget_type=\"button.default\">\n\t\t\t\t<div class=\"elementor-widget-container\">\n\t\t\t\t\t\t\t\t\t<div class=\"elementor-button-wrapper\">\n\t\t\t\t\t<a class=\"elementor-button elementor-button-link elementor-size-sm\" href=\"https:\/\/serveonline.lt\/cd3f8281-8a3c-4cda-9f55-0d38b44c062b\/company\" target=\"_blank\">\n\t\t\t\t\t\t<span class=\"elementor-button-content-wrapper\">\n\t\t\t\t\t\t\t\t\t<span class=\"elementor-button-text\">REGISTRACIJA INTERNETU<\/span>\n\t\t\t\t\t<\/span>\n\t\t\t\t\t<\/a>\n\t\t\t\t<\/div>\n\t\t\t\t\t\t\t\t<\/div>\n\t\t\t\t<\/div>\n\t\t\t\t<\/div>\n\t\t\t\t<\/div>\n\t\t\t\t\t<\/div>\n\t\t\t\t<\/div>\n\t\t<div class=\"elementor-element elementor-element-3d334b42 e-flex e-con-boxed e-con e-parent\" data-id=\"3d334b42\" data-element_type=\"container\" data-e-type=\"container\" data-settings=\"{&quot;background_background&quot;:&quot;classic&quot;}\">\n\t\t\t\t\t<div class=\"e-con-inner\">\n\t\t\t\t<div class=\"elementor-element elementor-element-4b68eab5 elementor-widget elementor-widget-ideapark-heading\" data-id=\"4b68eab5\" data-element_type=\"widget\" data-e-type=\"widget\" data-widget_type=\"ideapark-heading.default\">\n\t\t\t\t<div class=\"elementor-widget-container\">\n\t\t\t\t\t<div class=\"c-ip-heading c-ip-heading--medium c-ip-heading--center c-ip-heading--bullet-hide\"><span class=\"c-ip-heading__inner\">TYRIMO APRA\u0160YMAS<\/span><\/div>\t\t\t\t<\/div>\n\t\t\t\t<\/div>\n\t\t\t\t\t<\/div>\n\t\t\t\t<\/div>\n\t\t<div class=\"elementor-element elementor-element-7bc63cc6 e-flex e-con-boxed e-con e-parent\" data-id=\"7bc63cc6\" data-element_type=\"container\" data-e-type=\"container\">\n\t\t\t\t\t<div class=\"e-con-inner\">\n\t\t\t\t<div class=\"elementor-element elementor-element-4743718e elementor-widget elementor-widget-text-editor\" data-id=\"4743718e\" data-element_type=\"widget\" data-e-type=\"widget\" data-widget_type=\"text-editor.default\">\n\t\t\t\t<div class=\"elementor-widget-container\">\n\t\t\t\t\t\t\t\t\t<p>Vitaminas B5, dar \u017einomas kaip panteno r\u016bg\u0161tis, yra svarbus vitaminas, dalyvaujantis daugelyje organizmo funkcij\u0173. Laboratorinis tyrimas, skirtas nustatyti \u0161io vitamino lyg\u012f organizme, da\u017eniausiai atliekamas kraujo m\u0117ginyje. \u0160is tyrimas suteikia svarbios informacijos apie bendr\u0105 \u017emogaus sveikat\u0105 ir gali pad\u0117ti nustatyti galimus mitybos tr\u016bkumus ar metabolizmo sutrikimus. Vitamino B5 tyrimas yra svarbus, nes padeda u\u017etikrinti, kad organizmas gaut\u0173 pakankamai \u0161io gyvybi\u0161kai svarbaus vitamino, kuris b\u016btinas energijos gamybai ir kitoms svarbioms funkcijoms.<\/p><p><strong>Tyrimo paskirtis<\/strong><\/p><p>Vitamino B5 lygio nustatymas padeda \u012fvertinti, ar organizme n\u0117ra \u0161io vitamino tr\u016bkumo. Tr\u016bkumas gali sukelti \u012fvairius sveikatos sutrikimus, tokius kaip nuovargis, depresija, dirglumas, pilvo skausmai ar net imunin\u0117s sistemos sutrikimai. Nors vitamino B5 tr\u016bkumas yra retas, \u0161is tyrimas gali b\u016bti rekomenduojamas tais atvejais, kai \u012ftariamas bendras vitamin\u0173 tr\u016bkumas arba kai asmuo laikosi labai ribotos dietos. Be to, tyrimas gali b\u016bti naudingas diagnozuojant tam tikras ligas, susijusias su med\u017eiag\u0173 apykaita, pvz., malabsorbcijos sindrom\u0105.<\/p><p><strong>Simptomai ir indikacijos<\/strong><\/p><p>Gydytojas gali rekomenduoti vitamino B5 tyrim\u0105, jei pacientas patiria tokius simptomus kaip l\u0117tinis nuovargis, depresija, dirglumas, miego sutrikimai ar pilvo skausmai. Taip pat tyrimas gali b\u016bti paskirtas, jei asmuo turi rizikos veiksni\u0173, toki\u0173 kaip l\u0117tin\u0117s ligos (pvz., cukrinis diabetas), laikosi grie\u017etos dietos ar yra n\u0117\u0161\u010dia. Profilaktikos tikslais tyrimas gali b\u016bti atliekamas siekiant \u012fvertinti bendr\u0105 vitamin\u0173 b\u016bkl\u0119 organizme.<\/p><p><strong>Tyrimo eiga<\/strong><\/p><p>Vitamino B5 lygio nustatymas atliekamas imant kraujo m\u0117gin\u012f. Specialaus pasiruo\u0161imo da\u017eniausiai nereikia, ta\u010diau gydytojas gali rekomenduoti atvykti tyrimui nevalgius. Kraujo m\u0117ginys paprastai paimamas i\u0161 venos rankoje, o proced\u016bra trunka vos kelias minutes. Tyrimo rezultatai da\u017eniausiai gaunami per kelias dienas.<\/p><p><strong>Rezultat\u0173 interpretavimas<\/strong><\/p><p>Gauti tyrimo rezultatai padeda \u012fvertinti, ar vitamino B5 lygis yra normalus, per \u017eemas ar per auk\u0161tas. Suma\u017e\u0117j\u0119 rodikliai gali rodyti vitamino B5 tr\u016bkum\u0105, kuris gali b\u016bti susij\u0119s su netinkama mityba ar absorbcijos sutrikimais. Padid\u0117j\u0119 rodikliai yra retesni, ta\u010diau gali atsirasti vartojant dideles vitamino B5 papild\u0173 dozes. Rezultatai gali b\u016bti laikini ir priklausyti nuo daugelio veiksni\u0173, toki\u0173 kaip dieta ar kitos sveikatos s\u0105lygos. B\u016btina pasikonsultuoti su gydytoju, jei rezultatai n\u0117ra normos ribose, kad b\u016bt\u0173 nustatyta tiksli prie\u017eastis ir paskirtas tinkamas gydymas.<\/p><p><strong>Reik\u0161m\u0117 sveikatai<\/strong><\/p><p>Vitaminas B5 yra b\u016btinas energijos gamybai, riebal\u0173 apykaitai ir kitoms svarbioms organizmo funkcijoms. \u0160is tyrimas padeda laiku nustatyti galim\u0105 tr\u016bkum\u0105 ir imtis priemoni\u0173, kad b\u016bt\u0173 i\u0161vengta komplikacij\u0173, toki\u0173 kaip ilgalaikis nuovargis ar imunin\u0117s sistemos sutrikimai. Laiku diagnozavus ir gydant vitamino B5 tr\u016bkum\u0105, galima u\u017ekirsti keli\u0105 rimtesniems sveikatos sutrikimams ir u\u017etikrinti ger\u0105 savijaut\u0105.<\/p>\t\t\t\t\t\t\t\t<\/div>\n\t\t\t\t<\/div>\n\t\t\t\t\t<\/div>\n\t\t\t\t<\/div>\n\t\t<div class=\"elementor-element elementor-element-631b3fde e-con-full e-flex e-con e-child\" data-id=\"631b3fde\" data-element_type=\"container\" data-e-type=\"container\" data-settings=\"{&quot;background_background&quot;:&quot;classic&quot;}\">\n\t\t\t\t<div class=\"elementor-element elementor-element-36a67514 elementor-widget elementor-widget-ideapark-heading\" data-id=\"36a67514\" data-element_type=\"widget\" data-e-type=\"widget\" data-widget_type=\"ideapark-heading.default\">\n\t\t\t\t<div class=\"elementor-widget-container\">\n\t\t\t\t\t<div class=\"c-ip-heading c-ip-heading--small c-ip-heading--center c-ip-heading--bullet-hide\"><span class=\"c-ip-heading__inner\">REGISTRUOKIT\u0116S INTERNETU<\/span><\/div>\t\t\t\t<\/div>\n\t\t\t\t<\/div>\n\t\t\t\t<div class=\"elementor-element elementor-element-113256f4 elementor-align-center elementor-widget elementor-widget-button\" data-id=\"113256f4\" data-element_type=\"widget\" data-e-type=\"widget\" data-widget_type=\"button.default\">\n\t\t\t\t<div class=\"elementor-widget-container\">\n\t\t\t\t\t\t\t\t\t<div class=\"elementor-button-wrapper\">\n\t\t\t\t\t<a class=\"elementor-button elementor-button-link elementor-size-sm\" href=\"https:\/\/serveonline.lt\/cd3f8281-8a3c-4cda-9f55-0d38b44c062b\/company\" target=\"_blank\">\n\t\t\t\t\t\t<span class=\"elementor-button-content-wrapper\">\n\t\t\t\t\t\t\t\t\t<span class=\"elementor-button-text\">REGISTRACIJA PER SERVE.LT<\/span>\n\t\t\t\t\t<\/span>\n\t\t\t\t\t<\/a>\n\t\t\t\t<\/div>\n\t\t\t\t\t\t\t\t<\/div>\n\t\t\t\t<\/div>\n\t\t\t\t<\/div>\n\t\t<div class=\"elementor-element elementor-element-7cb7eb39 e-flex e-con-boxed e-con e-parent\" data-id=\"7cb7eb39\" data-element_type=\"container\" data-e-type=\"container\">\n\t\t\t\t\t<div class=\"e-con-inner\">\n\t\t\t\t<div class=\"elementor-element elementor-element-2233c1ba elementor-widget elementor-widget-ideapark-heading\" data-id=\"2233c1ba\" data-element_type=\"widget\" data-e-type=\"widget\" data-widget_type=\"ideapark-heading.default\">\n\t\t\t\t<div class=\"elementor-widget-container\">\n\t\t\t\t\t<div class=\"c-ip-heading c-ip-heading--small c-ip-heading--center c-ip-heading--bullet-hide\"><span class=\"c-ip-heading__inner\">SEKITE MUS instagram<\/span><\/div>\t\t\t\t<\/div>\n\t\t\t\t<\/div>\n\t\t\t\t<div class=\"elementor-element elementor-element-a2533f9 elementor-widget elementor-widget-ideapark-heading\" data-id=\"a2533f9\" data-element_type=\"widget\" data-e-type=\"widget\" data-widget_type=\"ideapark-heading.default\">\n\t\t\t\t<div class=\"elementor-widget-container\">\n\t\t\t\t\t<div class=\"c-ip-heading c-ip-heading--medium c-ip-heading--center c-ip-heading--bullet-hide\"><span class=\"c-ip-heading__inner\"><a href=\"http:\/\/www.instagram.com\/miamedic.lt\" target=\"_blank\"> @miamedic.lt<\/a><\/span><\/div>\t\t\t\t<\/div>\n\t\t\t\t<\/div>\n\t\t\t\t\t<\/div>\n\t\t\t\t<\/div>\n\t\t\t\t<\/div>","protected":false},"excerpt":{"rendered":"<p>LABORATORINIAI TYRIMAI Vitaminas B5 (Panteno r\u016bg\u0161tis) Prek\u0117s kodas: 18920 120,00 \u20ac Kraujo pa\u0117mimo mokestis 5,00 \u20ac REGISTRACIJA INTERNETU TYRIMO APRA\u0160YMAS Vitaminas B5,&hellip;<\/p>","protected":false},"author":1,"featured_media":0,"parent":0,"menu_order":0,"comment_status":"closed","ping_status":"closed","template":"elementor_header_footer","meta":{"footnotes":""},"class_list":["post-11743","page","type-page","status-publish","hentry"],"_links":{"self":[{"href":"https:\/\/miamedic.lt\/en\/wp-json\/wp\/v2\/pages\/11743","targetHints":{"allow":["GET"]}}],"collection":[{"href":"https:\/\/miamedic.lt\/en\/wp-json\/wp\/v2\/pages"}],"about":[{"href":"https:\/\/miamedic.lt\/en\/wp-json\/wp\/v2\/types\/page"}],"author":[{"embeddable":true,"href":"https:\/\/miamedic.lt\/en\/wp-json\/wp\/v2\/users\/1"}],"replies":[{"embeddable":true,"href":"https:\/\/miamedic.lt\/en\/wp-json\/wp\/v2\/comments?post=11743"}],"version-history":[{"count":4,"href":"https:\/\/miamedic.lt\/en\/wp-json\/wp\/v2\/pages\/11743\/revisions"}],"predecessor-version":[{"id":11747,"href":"https:\/\/miamedic.lt\/en\/wp-json\/wp\/v2\/pages\/11743\/revisions\/11747"}],"wp:attachment":[{"href":"https:\/\/miamedic.lt\/en\/wp-json\/wp\/v2\/media?parent=11743"}],"curies":[{"name":"wp","href":"https:\/\/api.w.org\/{rel}","templated":true}]}}