{"id":11729,"date":"2025-10-20T18:11:51","date_gmt":"2025-10-20T18:11:51","guid":{"rendered":"https:\/\/miamedic.lt\/?page_id=11729"},"modified":"2025-10-20T18:12:24","modified_gmt":"2025-10-20T18:12:24","slug":"vitaminas-b1","status":"publish","type":"page","link":"https:\/\/miamedic.lt\/en\/vitaminas-b1\/","title":{"rendered":"Vitaminas B1"},"content":{"rendered":"<div data-elementor-type=\"wp-page\" data-elementor-id=\"11729\" class=\"elementor elementor-11729\">\n\t\t\t\t<div class=\"elementor-element elementor-element-4c155416 e-flex e-con-boxed e-con e-parent\" data-id=\"4c155416\" data-element_type=\"container\" data-e-type=\"container\">\n\t\t\t\t\t<div class=\"e-con-inner\">\n\t\t<div class=\"elementor-element elementor-element-6cb5350 e-con-full e-flex e-con e-child\" data-id=\"6cb5350\" data-element_type=\"container\" data-e-type=\"container\">\n\t\t\t\t<div class=\"elementor-element elementor-element-458c0216 elementor-widget elementor-widget-image\" data-id=\"458c0216\" data-element_type=\"widget\" data-e-type=\"widget\" data-widget_type=\"image.default\">\n\t\t\t\t<div class=\"elementor-widget-container\">\n\t\t\t\t\t\t\t\t\t\t\t\t\t\t\t<img fetchpriority=\"high\" decoding=\"async\" width=\"1800\" height=\"1800\" src=\"https:\/\/miamedic.lt\/wp-content\/uploads\/2025\/10\/laboratoriniai-tyrimai-miamedic.png\" class=\"attachment-full size-full wp-image-11572\" alt=\"laboratoriniai tyrimai miamedic\" srcset=\"https:\/\/miamedic.lt\/wp-content\/uploads\/2025\/10\/laboratoriniai-tyrimai-miamedic.png 1800w, https:\/\/miamedic.lt\/wp-content\/uploads\/2025\/10\/laboratoriniai-tyrimai-miamedic-460x460.png 460w, https:\/\/miamedic.lt\/wp-content\/uploads\/2025\/10\/laboratoriniai-tyrimai-miamedic-1520x1520.png 1520w, https:\/\/miamedic.lt\/wp-content\/uploads\/2025\/10\/laboratoriniai-tyrimai-miamedic-115x115.png 115w, https:\/\/miamedic.lt\/wp-content\/uploads\/2025\/10\/laboratoriniai-tyrimai-miamedic-760x760.png 760w, https:\/\/miamedic.lt\/wp-content\/uploads\/2025\/10\/laboratoriniai-tyrimai-miamedic-12x12.png 12w, https:\/\/miamedic.lt\/wp-content\/uploads\/2025\/10\/laboratoriniai-tyrimai-miamedic-920x920.png 920w, https:\/\/miamedic.lt\/wp-content\/uploads\/2025\/10\/laboratoriniai-tyrimai-miamedic-145x145.png 145w, https:\/\/miamedic.lt\/wp-content\/uploads\/2025\/10\/laboratoriniai-tyrimai-miamedic-290x290.png 290w, https:\/\/miamedic.lt\/wp-content\/uploads\/2025\/10\/laboratoriniai-tyrimai-miamedic-50x50.png 50w, https:\/\/miamedic.lt\/wp-content\/uploads\/2025\/10\/laboratoriniai-tyrimai-miamedic-100x100.png 100w\" sizes=\"(max-width: 1800px) 100vw, 1800px\" \/>\t\t\t\t\t\t\t\t\t\t\t\t\t\t\t<\/div>\n\t\t\t\t<\/div>\n\t\t\t\t<\/div>\n\t\t<div class=\"elementor-element elementor-element-30442ad3 e-con-full e-flex e-con e-child\" data-id=\"30442ad3\" data-element_type=\"container\" data-e-type=\"container\">\n\t\t\t\t<div class=\"elementor-element elementor-element-612a1007 elementor-widget elementor-widget-ideapark-heading\" data-id=\"612a1007\" data-element_type=\"widget\" data-e-type=\"widget\" data-widget_type=\"ideapark-heading.default\">\n\t\t\t\t<div class=\"elementor-widget-container\">\n\t\t\t\t\t<div class=\"c-ip-heading c-ip-heading--small c-ip-heading--center c-ip-heading--bullet-hide\"><span class=\"c-ip-heading__inner\">LABORATORINIAI TYRIMAI<\/span><\/div>\t\t\t\t<\/div>\n\t\t\t\t<\/div>\n\t\t\t\t<div class=\"elementor-element elementor-element-19ceb56d elementor-widget elementor-widget-ideapark-heading\" data-id=\"19ceb56d\" data-element_type=\"widget\" data-e-type=\"widget\" data-widget_type=\"ideapark-heading.default\">\n\t\t\t\t<div class=\"elementor-widget-container\">\n\t\t\t\t\t<div class=\"c-ip-heading c-ip-heading--medium c-ip-heading--center c-ip-heading--bullet-hide\"><span class=\"c-ip-heading__inner\">Vitaminas B1<\/span><\/div>\t\t\t\t<\/div>\n\t\t\t\t<\/div>\n\t\t\t\t<div class=\"elementor-element elementor-element-2cc751fa elementor-widget elementor-widget-ideapark-heading\" data-id=\"2cc751fa\" data-element_type=\"widget\" data-e-type=\"widget\" data-widget_type=\"ideapark-heading.default\">\n\t\t\t\t<div class=\"elementor-widget-container\">\n\t\t\t\t\t<div class=\"c-ip-heading c-ip-heading--medium c-ip-heading--center c-ip-heading--bullet-hide\"><span class=\"c-ip-heading__inner\">Prek\u0117s kodas: 18918<\/span><\/div>\t\t\t\t<\/div>\n\t\t\t\t<\/div>\n\t\t<div class=\"elementor-element elementor-element-17520c25 e-con-full e-flex e-con e-child\" data-id=\"17520c25\" data-element_type=\"container\" data-e-type=\"container\">\n\t\t<div class=\"elementor-element elementor-element-715ccbf4 e-con-full e-flex e-con e-child\" data-id=\"715ccbf4\" data-element_type=\"container\" data-e-type=\"container\" data-settings=\"{&quot;background_background&quot;:&quot;classic&quot;}\">\n\t\t\t\t<div class=\"elementor-element elementor-element-5ec4315f elementor-widget elementor-widget-heading\" data-id=\"5ec4315f\" data-element_type=\"widget\" data-e-type=\"widget\" data-widget_type=\"heading.default\">\n\t\t\t\t<div class=\"elementor-widget-container\">\n\t\t\t\t\t<h2 class=\"elementor-heading-title elementor-size-default\">90,00 \u20ac<\/h2>\t\t\t\t<\/div>\n\t\t\t\t<\/div>\n\t\t\t\t<\/div>\n\t\t\t\t<\/div>\n\t\t<div class=\"elementor-element elementor-element-728782bf e-con-full e-flex e-con e-child\" data-id=\"728782bf\" data-element_type=\"container\" data-e-type=\"container\">\n\t\t\t\t<div class=\"elementor-element elementor-element-71d82085 elementor-view-default elementor-position-block-start elementor-mobile-position-block-start elementor-widget elementor-widget-icon-box\" data-id=\"71d82085\" data-element_type=\"widget\" data-e-type=\"widget\" data-widget_type=\"icon-box.default\">\n\t\t\t\t<div class=\"elementor-widget-container\">\n\t\t\t\t\t\t\t<div class=\"elementor-icon-box-wrapper\">\n\n\t\t\t\t\t\t<div class=\"elementor-icon-box-icon\">\n\t\t\t\t<span  class=\"elementor-icon\">\n\t\t\t\t<svg aria-hidden=\"true\" class=\"e-font-icon-svg e-fas-info-circle\" viewbox=\"0 0 512 512\" xmlns=\"http:\/\/www.w3.org\/2000\/svg\"><path d=\"M256 8C119.043 8 8 119.083 8 256c0 136.997 111.043 248 248 248s248-111.003 248-248C504 119.083 392.957 8 256 8zm0 110c23.196 0 42 18.804 42 42s-18.804 42-42 42-42-18.804-42-42 18.804-42 42-42zm56 254c0 6.627-5.373 12-12 12h-88c-6.627 0-12-5.373-12-12v-24c0-6.627 5.373-12 12-12h12v-64h-12c-6.627 0-12-5.373-12-12v-24c0-6.627 5.373-12 12-12h64c6.627 0 12 5.373 12 12v100h12c6.627 0 12 5.373 12 12v24z\"><\/path><\/svg>\t\t\t\t<\/span>\n\t\t\t<\/div>\n\t\t\t\n\t\t\t\t\t\t<div class=\"elementor-icon-box-content\">\n\n\t\t\t\t\t\t\t\t\t<h3 class=\"elementor-icon-box-title\">\n\t\t\t\t\t\t<span  >\n\t\t\t\t\t\t\tKraujo pa\u0117mimo mokestis 5,00 \u20ac \t\t\t\t\t\t<\/span>\n\t\t\t\t\t<\/h3>\n\t\t\t\t\n\t\t\t\t\n\t\t\t<\/div>\n\t\t\t\n\t\t<\/div>\n\t\t\t\t\t\t<\/div>\n\t\t\t\t<\/div>\n\t\t\t\t<div class=\"elementor-element elementor-element-391e6027 elementor-align-center elementor-widget elementor-widget-button\" data-id=\"391e6027\" data-element_type=\"widget\" data-e-type=\"widget\" data-widget_type=\"button.default\">\n\t\t\t\t<div class=\"elementor-widget-container\">\n\t\t\t\t\t\t\t\t\t<div class=\"elementor-button-wrapper\">\n\t\t\t\t\t<a class=\"elementor-button elementor-button-link elementor-size-sm\" href=\"https:\/\/serveonline.lt\/cd3f8281-8a3c-4cda-9f55-0d38b44c062b\/company\" target=\"_blank\">\n\t\t\t\t\t\t<span class=\"elementor-button-content-wrapper\">\n\t\t\t\t\t\t\t\t\t<span class=\"elementor-button-text\">REGISTRACIJA INTERNETU<\/span>\n\t\t\t\t\t<\/span>\n\t\t\t\t\t<\/a>\n\t\t\t\t<\/div>\n\t\t\t\t\t\t\t\t<\/div>\n\t\t\t\t<\/div>\n\t\t\t\t<\/div>\n\t\t\t\t<\/div>\n\t\t\t\t\t<\/div>\n\t\t\t\t<\/div>\n\t\t<div class=\"elementor-element elementor-element-1e59107b e-flex e-con-boxed e-con e-parent\" data-id=\"1e59107b\" data-element_type=\"container\" data-e-type=\"container\" data-settings=\"{&quot;background_background&quot;:&quot;classic&quot;}\">\n\t\t\t\t\t<div class=\"e-con-inner\">\n\t\t\t\t<div class=\"elementor-element elementor-element-8f264e6 elementor-widget elementor-widget-ideapark-heading\" data-id=\"8f264e6\" data-element_type=\"widget\" data-e-type=\"widget\" data-widget_type=\"ideapark-heading.default\">\n\t\t\t\t<div class=\"elementor-widget-container\">\n\t\t\t\t\t<div class=\"c-ip-heading c-ip-heading--medium c-ip-heading--center c-ip-heading--bullet-hide\"><span class=\"c-ip-heading__inner\">TYRIMO APRA\u0160YMAS<\/span><\/div>\t\t\t\t<\/div>\n\t\t\t\t<\/div>\n\t\t\t\t\t<\/div>\n\t\t\t\t<\/div>\n\t\t<div class=\"elementor-element elementor-element-7ce47174 e-flex e-con-boxed e-con e-parent\" data-id=\"7ce47174\" data-element_type=\"container\" data-e-type=\"container\">\n\t\t\t\t\t<div class=\"e-con-inner\">\n\t\t\t\t<div class=\"elementor-element elementor-element-19fa3e4b elementor-widget elementor-widget-text-editor\" data-id=\"19fa3e4b\" data-element_type=\"widget\" data-e-type=\"widget\" data-widget_type=\"text-editor.default\">\n\t\t\t\t<div class=\"elementor-widget-container\">\n\t\t\t\t\t\t\t\t\t<p data-end=\"456\" data-start=\"119\"><strong data-end=\"152\" data-start=\"119\">Vitamino B1 (tiamino) tyrimas<\/strong> \u2013 tai kraujo tyrimas, skirtas \u012fvertinti tiamino \u2013 <strong data-end=\"242\" data-start=\"203\">vandenyje tirpaus B grup\u0117s vitamino<\/strong>, atsakingo u\u017e <strong data-end=\"284\" data-start=\"257\">angliavandeni\u0173 apykait\u0105<\/strong>, <strong data-end=\"311\" data-start=\"286\">nerv\u0173 sistemos veikl\u0105<\/strong>, <strong data-end=\"333\" data-start=\"313\">raumen\u0173 funkcij\u0105<\/strong> ir <strong data-end=\"357\" data-start=\"337\">energijos gamyb\u0105<\/strong> \u2013 kiek\u012f organizme. Vitaminas B1 taip pat svarbus <strong data-end=\"455\" data-start=\"407\">normaliam augimui, vaisingumui ir laktacijai<\/strong>.<\/p><p data-end=\"896\" data-start=\"458\">Tiaminas b\u016btinas nervini\u0173 impuls\u0173 perdavimui, tod\u0117l jo tr\u016bkumas pirmiausia pasirei\u0161kia <strong data-end=\"575\" data-start=\"545\">nerv\u0173 sistemos pa\u017eeidimais<\/strong>. Tr\u016bkstant \u0161io vitamino, vystosi <strong data-end=\"626\" data-start=\"609\">beriberi liga<\/strong>, kurios simptomai gali b\u016bti <strong data-end=\"763\" data-start=\"655\">apatini\u0173 gal\u016bni\u0173 silpnumas, koordinacijos sutrikimas, periferini\u0173 nerv\u0173 u\u017edegimas, atminties silpn\u0117jimas<\/strong>, <strong data-end=\"778\" data-start=\"765\">dirglumas<\/strong>, <strong data-end=\"799\" data-start=\"780\">galvos skausmai<\/strong>, <strong data-end=\"826\" data-start=\"801\">vir\u0161kinimo sutrikimai<\/strong>, <strong data-end=\"845\" data-start=\"828\">apetito stoka<\/strong>, retais atvejais \u2013 <strong data-end=\"895\" data-start=\"865\">\u0161irdies veiklos sutrikimai<\/strong>.<\/p><p data-end=\"1105\" data-start=\"898\">Vitamino B1 rezervai organizme greitai i\u0161senka esant <strong data-end=\"1004\" data-start=\"951\">padidintam angliavandeni\u0173 ar alkoholio vartojimui<\/strong>, taip pat d\u0117l <strong data-end=\"1041\" data-start=\"1019\">fizinio pervargimo<\/strong>, <strong data-end=\"1077\" data-start=\"1043\">l\u0117tini\u0173 kepen\u0173 ar \u017earnyno lig\u0173<\/strong>, kurios trikdo \u012fsisavinim\u0105.<\/p><p data-end=\"1313\" data-start=\"1107\"><strong data-end=\"1128\" data-start=\"1107\">Tyrimo principas:<\/strong> Tiamino koncentracija nustatoma i\u0161 veninio kraujo (serumo arba eritrocit\u0173), da\u017eniausiai naudojant spektrofotometrin\u012f arba HPLC metod\u0105. Rezultatai pateikiami nmol\/l arba \u00b5g\/l vienetais.<\/p><p data-end=\"1334\" data-start=\"1315\"><strong data-end=\"1334\" data-start=\"1315\">Rekomendacijos:<\/strong><\/p><ul><li data-end=\"1834\" data-start=\"1336\">Rekomenduojama atlikti esant nuovargiui, dirglumui, atminties pablog\u0117jimui, raumen\u0173 silpnumui ar koordinacijos sutrikimams.<\/li><li data-end=\"1834\" data-start=\"1336\">Naudinga vertinant mitybos b\u016bkl\u0119 ar \u012ftariant vitamin\u0173 stok\u0105, ypa\u010d pacientams, vartojantiems daug angliavandeni\u0173 ar alkoholio.<\/li><li data-end=\"1834\" data-start=\"1336\">Skiriama sergantiems l\u0117tin\u0117mis \u017earnyno, kepen\u0173, kasos ligomis ar ilgai badavusiems.<\/li><li data-end=\"1834\" data-start=\"1336\">Tinka \u012ftariant beriberi ar Wernicke-Korsakoff sindrom\u0105.<\/li><li data-end=\"1834\" data-start=\"1336\">Tyrimui rekomenduojama atvykti nevalgius, bent 8 val. prie\u0161 tyrim\u0105 nevartoti papild\u0173 su vitaminu B1.<\/li><\/ul>\t\t\t\t\t\t\t\t<\/div>\n\t\t\t\t<\/div>\n\t\t\t\t\t<\/div>\n\t\t\t\t<\/div>\n\t\t<div class=\"elementor-element elementor-element-79d0397b e-con-full e-flex e-con e-child\" data-id=\"79d0397b\" data-element_type=\"container\" data-e-type=\"container\" data-settings=\"{&quot;background_background&quot;:&quot;classic&quot;}\">\n\t\t\t\t<div class=\"elementor-element elementor-element-70c2669f elementor-widget elementor-widget-ideapark-heading\" data-id=\"70c2669f\" data-element_type=\"widget\" data-e-type=\"widget\" data-widget_type=\"ideapark-heading.default\">\n\t\t\t\t<div class=\"elementor-widget-container\">\n\t\t\t\t\t<div class=\"c-ip-heading c-ip-heading--small c-ip-heading--center c-ip-heading--bullet-hide\"><span class=\"c-ip-heading__inner\">REGISTRUOKIT\u0116S INTERNETU<\/span><\/div>\t\t\t\t<\/div>\n\t\t\t\t<\/div>\n\t\t\t\t<div class=\"elementor-element elementor-element-66b6bd9e elementor-align-center elementor-widget elementor-widget-button\" data-id=\"66b6bd9e\" data-element_type=\"widget\" data-e-type=\"widget\" data-widget_type=\"button.default\">\n\t\t\t\t<div class=\"elementor-widget-container\">\n\t\t\t\t\t\t\t\t\t<div class=\"elementor-button-wrapper\">\n\t\t\t\t\t<a class=\"elementor-button elementor-button-link elementor-size-sm\" href=\"https:\/\/serveonline.lt\/cd3f8281-8a3c-4cda-9f55-0d38b44c062b\/company\" target=\"_blank\">\n\t\t\t\t\t\t<span class=\"elementor-button-content-wrapper\">\n\t\t\t\t\t\t\t\t\t<span class=\"elementor-button-text\">REGISTRACIJA PER SERVE.LT<\/span>\n\t\t\t\t\t<\/span>\n\t\t\t\t\t<\/a>\n\t\t\t\t<\/div>\n\t\t\t\t\t\t\t\t<\/div>\n\t\t\t\t<\/div>\n\t\t\t\t<\/div>\n\t\t<div class=\"elementor-element elementor-element-399790d0 e-flex e-con-boxed e-con e-parent\" data-id=\"399790d0\" data-element_type=\"container\" data-e-type=\"container\">\n\t\t\t\t\t<div class=\"e-con-inner\">\n\t\t\t\t<div class=\"elementor-element elementor-element-45f965e9 elementor-widget elementor-widget-ideapark-heading\" data-id=\"45f965e9\" data-element_type=\"widget\" data-e-type=\"widget\" data-widget_type=\"ideapark-heading.default\">\n\t\t\t\t<div class=\"elementor-widget-container\">\n\t\t\t\t\t<div class=\"c-ip-heading c-ip-heading--small c-ip-heading--center c-ip-heading--bullet-hide\"><span class=\"c-ip-heading__inner\">SEKITE MUS instagram<\/span><\/div>\t\t\t\t<\/div>\n\t\t\t\t<\/div>\n\t\t\t\t<div class=\"elementor-element elementor-element-1f436952 elementor-widget elementor-widget-ideapark-heading\" data-id=\"1f436952\" data-element_type=\"widget\" data-e-type=\"widget\" data-widget_type=\"ideapark-heading.default\">\n\t\t\t\t<div class=\"elementor-widget-container\">\n\t\t\t\t\t<div class=\"c-ip-heading c-ip-heading--medium c-ip-heading--center c-ip-heading--bullet-hide\"><span class=\"c-ip-heading__inner\"><a href=\"http:\/\/www.instagram.com\/miamedic.lt\" target=\"_blank\"> @miamedic.lt<\/a><\/span><\/div>\t\t\t\t<\/div>\n\t\t\t\t<\/div>\n\t\t\t\t\t<\/div>\n\t\t\t\t<\/div>\n\t\t\t\t<\/div>","protected":false},"excerpt":{"rendered":"<p>LABORATORINIAI TYRIMAI Vitaminas B1 Prek\u0117s kodas: 18918 90,00 \u20ac Kraujo pa\u0117mimo mokestis 5,00 \u20ac REGISTRACIJA INTERNETU TYRIMO APRA\u0160YMAS Vitamino B1 (tiamino) tyrimas&hellip;<\/p>","protected":false},"author":1,"featured_media":0,"parent":0,"menu_order":0,"comment_status":"closed","ping_status":"closed","template":"elementor_header_footer","meta":{"footnotes":""},"class_list":["post-11729","page","type-page","status-publish","hentry"],"_links":{"self":[{"href":"https:\/\/miamedic.lt\/en\/wp-json\/wp\/v2\/pages\/11729","targetHints":{"allow":["GET"]}}],"collection":[{"href":"https:\/\/miamedic.lt\/en\/wp-json\/wp\/v2\/pages"}],"about":[{"href":"https:\/\/miamedic.lt\/en\/wp-json\/wp\/v2\/types\/page"}],"author":[{"embeddable":true,"href":"https:\/\/miamedic.lt\/en\/wp-json\/wp\/v2\/users\/1"}],"replies":[{"embeddable":true,"href":"https:\/\/miamedic.lt\/en\/wp-json\/wp\/v2\/comments?post=11729"}],"version-history":[{"count":4,"href":"https:\/\/miamedic.lt\/en\/wp-json\/wp\/v2\/pages\/11729\/revisions"}],"predecessor-version":[{"id":11734,"href":"https:\/\/miamedic.lt\/en\/wp-json\/wp\/v2\/pages\/11729\/revisions\/11734"}],"wp:attachment":[{"href":"https:\/\/miamedic.lt\/en\/wp-json\/wp\/v2\/media?parent=11729"}],"curies":[{"name":"wp","href":"https:\/\/api.w.org\/{rel}","templated":true}]}}