{"id":11716,"date":"2025-10-20T18:09:01","date_gmt":"2025-10-20T18:09:01","guid":{"rendered":"https:\/\/miamedic.lt\/?page_id=11716"},"modified":"2025-10-20T18:09:33","modified_gmt":"2025-10-20T18:09:33","slug":"folio-rugstis","status":"publish","type":"page","link":"https:\/\/miamedic.lt\/en\/folio-rugstis\/","title":{"rendered":"Folio r\u016bg\u0161tis"},"content":{"rendered":"<div data-elementor-type=\"wp-page\" data-elementor-id=\"11716\" class=\"elementor elementor-11716\">\n\t\t\t\t<div class=\"elementor-element elementor-element-5e5c3f06 e-flex e-con-boxed e-con e-parent\" data-id=\"5e5c3f06\" data-element_type=\"container\" data-e-type=\"container\">\n\t\t\t\t\t<div class=\"e-con-inner\">\n\t\t<div class=\"elementor-element elementor-element-3bff01c7 e-con-full e-flex e-con e-child\" data-id=\"3bff01c7\" data-element_type=\"container\" data-e-type=\"container\">\n\t\t\t\t<div class=\"elementor-element elementor-element-21e5e5 elementor-widget elementor-widget-image\" data-id=\"21e5e5\" data-element_type=\"widget\" data-e-type=\"widget\" data-widget_type=\"image.default\">\n\t\t\t\t<div class=\"elementor-widget-container\">\n\t\t\t\t\t\t\t\t\t\t\t\t\t\t\t<img fetchpriority=\"high\" decoding=\"async\" width=\"1800\" height=\"1800\" src=\"https:\/\/miamedic.lt\/wp-content\/uploads\/2025\/10\/laboratoriniai-tyrimai-miamedic.png\" class=\"attachment-full size-full wp-image-11572\" alt=\"laboratoriniai tyrimai miamedic\" srcset=\"https:\/\/miamedic.lt\/wp-content\/uploads\/2025\/10\/laboratoriniai-tyrimai-miamedic.png 1800w, https:\/\/miamedic.lt\/wp-content\/uploads\/2025\/10\/laboratoriniai-tyrimai-miamedic-460x460.png 460w, https:\/\/miamedic.lt\/wp-content\/uploads\/2025\/10\/laboratoriniai-tyrimai-miamedic-1520x1520.png 1520w, https:\/\/miamedic.lt\/wp-content\/uploads\/2025\/10\/laboratoriniai-tyrimai-miamedic-115x115.png 115w, https:\/\/miamedic.lt\/wp-content\/uploads\/2025\/10\/laboratoriniai-tyrimai-miamedic-760x760.png 760w, https:\/\/miamedic.lt\/wp-content\/uploads\/2025\/10\/laboratoriniai-tyrimai-miamedic-12x12.png 12w, https:\/\/miamedic.lt\/wp-content\/uploads\/2025\/10\/laboratoriniai-tyrimai-miamedic-920x920.png 920w, https:\/\/miamedic.lt\/wp-content\/uploads\/2025\/10\/laboratoriniai-tyrimai-miamedic-145x145.png 145w, https:\/\/miamedic.lt\/wp-content\/uploads\/2025\/10\/laboratoriniai-tyrimai-miamedic-290x290.png 290w, https:\/\/miamedic.lt\/wp-content\/uploads\/2025\/10\/laboratoriniai-tyrimai-miamedic-50x50.png 50w, https:\/\/miamedic.lt\/wp-content\/uploads\/2025\/10\/laboratoriniai-tyrimai-miamedic-100x100.png 100w\" sizes=\"(max-width: 1800px) 100vw, 1800px\" \/>\t\t\t\t\t\t\t\t\t\t\t\t\t\t\t<\/div>\n\t\t\t\t<\/div>\n\t\t\t\t<\/div>\n\t\t<div class=\"elementor-element elementor-element-600bdf5b e-con-full e-flex e-con e-child\" data-id=\"600bdf5b\" data-element_type=\"container\" data-e-type=\"container\">\n\t\t\t\t<div class=\"elementor-element elementor-element-6df6a541 elementor-widget elementor-widget-ideapark-heading\" data-id=\"6df6a541\" data-element_type=\"widget\" data-e-type=\"widget\" data-widget_type=\"ideapark-heading.default\">\n\t\t\t\t<div class=\"elementor-widget-container\">\n\t\t\t\t\t<div class=\"c-ip-heading c-ip-heading--small c-ip-heading--center c-ip-heading--bullet-hide\"><span class=\"c-ip-heading__inner\">LABORATORINIAI TYRIMAI<\/span><\/div>\t\t\t\t<\/div>\n\t\t\t\t<\/div>\n\t\t\t\t<div class=\"elementor-element elementor-element-4a5f1a54 elementor-widget elementor-widget-ideapark-heading\" data-id=\"4a5f1a54\" data-element_type=\"widget\" data-e-type=\"widget\" data-widget_type=\"ideapark-heading.default\">\n\t\t\t\t<div class=\"elementor-widget-container\">\n\t\t\t\t\t<div class=\"c-ip-heading c-ip-heading--medium c-ip-heading--center c-ip-heading--bullet-hide\"><span class=\"c-ip-heading__inner\">Folio r\u016bg\u0161tis<\/span><\/div>\t\t\t\t<\/div>\n\t\t\t\t<\/div>\n\t\t\t\t<div class=\"elementor-element elementor-element-184c999f elementor-widget elementor-widget-ideapark-heading\" data-id=\"184c999f\" data-element_type=\"widget\" data-e-type=\"widget\" data-widget_type=\"ideapark-heading.default\">\n\t\t\t\t<div class=\"elementor-widget-container\">\n\t\t\t\t\t<div class=\"c-ip-heading c-ip-heading--medium c-ip-heading--center c-ip-heading--bullet-hide\"><span class=\"c-ip-heading__inner\">Prek\u0117s kodas: 15191<\/span><\/div>\t\t\t\t<\/div>\n\t\t\t\t<\/div>\n\t\t<div class=\"elementor-element elementor-element-30bf79e9 e-con-full e-flex e-con e-child\" data-id=\"30bf79e9\" data-element_type=\"container\" data-e-type=\"container\">\n\t\t<div class=\"elementor-element elementor-element-21e6d97c e-con-full e-flex e-con e-child\" data-id=\"21e6d97c\" data-element_type=\"container\" data-e-type=\"container\" data-settings=\"{&quot;background_background&quot;:&quot;classic&quot;}\">\n\t\t\t\t<div class=\"elementor-element elementor-element-136a7b93 elementor-widget elementor-widget-heading\" data-id=\"136a7b93\" data-element_type=\"widget\" data-e-type=\"widget\" data-widget_type=\"heading.default\">\n\t\t\t\t<div class=\"elementor-widget-container\">\n\t\t\t\t\t<h2 class=\"elementor-heading-title elementor-size-default\">16,00 \u20ac<\/h2>\t\t\t\t<\/div>\n\t\t\t\t<\/div>\n\t\t\t\t<\/div>\n\t\t\t\t<\/div>\n\t\t<div class=\"elementor-element elementor-element-79929107 e-con-full e-flex e-con e-child\" data-id=\"79929107\" data-element_type=\"container\" data-e-type=\"container\">\n\t\t\t\t<div class=\"elementor-element elementor-element-15d4392a elementor-view-default elementor-position-block-start elementor-mobile-position-block-start elementor-widget elementor-widget-icon-box\" data-id=\"15d4392a\" data-element_type=\"widget\" data-e-type=\"widget\" data-widget_type=\"icon-box.default\">\n\t\t\t\t<div class=\"elementor-widget-container\">\n\t\t\t\t\t\t\t<div class=\"elementor-icon-box-wrapper\">\n\n\t\t\t\t\t\t<div class=\"elementor-icon-box-icon\">\n\t\t\t\t<span  class=\"elementor-icon\">\n\t\t\t\t<svg aria-hidden=\"true\" class=\"e-font-icon-svg e-fas-info-circle\" viewbox=\"0 0 512 512\" xmlns=\"http:\/\/www.w3.org\/2000\/svg\"><path d=\"M256 8C119.043 8 8 119.083 8 256c0 136.997 111.043 248 248 248s248-111.003 248-248C504 119.083 392.957 8 256 8zm0 110c23.196 0 42 18.804 42 42s-18.804 42-42 42-42-18.804-42-42 18.804-42 42-42zm56 254c0 6.627-5.373 12-12 12h-88c-6.627 0-12-5.373-12-12v-24c0-6.627 5.373-12 12-12h12v-64h-12c-6.627 0-12-5.373-12-12v-24c0-6.627 5.373-12 12-12h64c6.627 0 12 5.373 12 12v100h12c6.627 0 12 5.373 12 12v24z\"><\/path><\/svg>\t\t\t\t<\/span>\n\t\t\t<\/div>\n\t\t\t\n\t\t\t\t\t\t<div class=\"elementor-icon-box-content\">\n\n\t\t\t\t\t\t\t\t\t<h3 class=\"elementor-icon-box-title\">\n\t\t\t\t\t\t<span  >\n\t\t\t\t\t\t\tKraujo pa\u0117mimo mokestis 5,00 \u20ac \t\t\t\t\t\t<\/span>\n\t\t\t\t\t<\/h3>\n\t\t\t\t\n\t\t\t\t\n\t\t\t<\/div>\n\t\t\t\n\t\t<\/div>\n\t\t\t\t\t\t<\/div>\n\t\t\t\t<\/div>\n\t\t\t\t<div class=\"elementor-element elementor-element-7a8a4bce elementor-align-center elementor-widget elementor-widget-button\" data-id=\"7a8a4bce\" data-element_type=\"widget\" data-e-type=\"widget\" data-widget_type=\"button.default\">\n\t\t\t\t<div class=\"elementor-widget-container\">\n\t\t\t\t\t\t\t\t\t<div class=\"elementor-button-wrapper\">\n\t\t\t\t\t<a class=\"elementor-button elementor-button-link elementor-size-sm\" href=\"https:\/\/serveonline.lt\/cd3f8281-8a3c-4cda-9f55-0d38b44c062b\/company\" target=\"_blank\">\n\t\t\t\t\t\t<span class=\"elementor-button-content-wrapper\">\n\t\t\t\t\t\t\t\t\t<span class=\"elementor-button-text\">REGISTRACIJA INTERNETU<\/span>\n\t\t\t\t\t<\/span>\n\t\t\t\t\t<\/a>\n\t\t\t\t<\/div>\n\t\t\t\t\t\t\t\t<\/div>\n\t\t\t\t<\/div>\n\t\t\t\t<\/div>\n\t\t\t\t<\/div>\n\t\t\t\t\t<\/div>\n\t\t\t\t<\/div>\n\t\t<div class=\"elementor-element elementor-element-7bc59682 e-flex e-con-boxed e-con e-parent\" data-id=\"7bc59682\" data-element_type=\"container\" data-e-type=\"container\" data-settings=\"{&quot;background_background&quot;:&quot;classic&quot;}\">\n\t\t\t\t\t<div class=\"e-con-inner\">\n\t\t\t\t<div class=\"elementor-element elementor-element-58845ea5 elementor-widget elementor-widget-ideapark-heading\" data-id=\"58845ea5\" data-element_type=\"widget\" data-e-type=\"widget\" data-widget_type=\"ideapark-heading.default\">\n\t\t\t\t<div class=\"elementor-widget-container\">\n\t\t\t\t\t<div class=\"c-ip-heading c-ip-heading--medium c-ip-heading--center c-ip-heading--bullet-hide\"><span class=\"c-ip-heading__inner\">TYRIMO APRA\u0160YMAS<\/span><\/div>\t\t\t\t<\/div>\n\t\t\t\t<\/div>\n\t\t\t\t\t<\/div>\n\t\t\t\t<\/div>\n\t\t<div class=\"elementor-element elementor-element-492de5b9 e-flex e-con-boxed e-con e-parent\" data-id=\"492de5b9\" data-element_type=\"container\" data-e-type=\"container\">\n\t\t\t\t\t<div class=\"e-con-inner\">\n\t\t\t\t<div class=\"elementor-element elementor-element-38fdcb0 elementor-widget elementor-widget-text-editor\" data-id=\"38fdcb0\" data-element_type=\"widget\" data-e-type=\"widget\" data-widget_type=\"text-editor.default\">\n\t\t\t\t<div class=\"elementor-widget-container\">\n\t\t\t\t\t\t\t\t\t<p data-end=\"478\" data-start=\"126\"><strong data-end=\"158\" data-start=\"126\">Folio r\u016bg\u0161tis (vitaminas B9)<\/strong> \u2013 tai <strong data-end=\"204\" data-start=\"165\">vandenyje tirpus B grup\u0117s vitaminas<\/strong>, atliekantis svarb\u0173 vaidmen\u012f <strong data-end=\"276\" data-start=\"234\">l\u0105steli\u0173 dalijimosi, augimo, vystymosi<\/strong> bei <strong data-end=\"320\" data-start=\"281\">nukleor\u016bg\u0161\u010di\u0173 (DNR ir RNR) sintez\u0117s<\/strong> procesuose. Folio r\u016bg\u0161tis yra b\u016btina <strong data-end=\"379\" data-start=\"358\">baltym\u0173 apykaitai<\/strong>, <strong data-end=\"400\" data-start=\"381\">smegen\u0173 veiklai<\/strong>, <strong data-end=\"422\" data-start=\"402\">kepen\u0173 funkcijai<\/strong>, skatina <strong data-end=\"443\" data-start=\"432\">apetit\u0105<\/strong> ir <strong data-end=\"477\" data-start=\"447\">skrand\u017eio sul\u010di\u0173 sekrecij\u0105<\/strong>.<\/p><p data-end=\"812\" data-start=\"480\">Kartu su vitaminu B12 folio r\u016bg\u0161tis dalyvauja <strong data-end=\"579\" data-start=\"526\">raudon\u0173j\u0173 kraujo k\u016bneli\u0173 brendime kaul\u0173 \u010diulpuose<\/strong>, tod\u0117l jos tr\u016bkumas gali lemti <strong data-end=\"643\" data-start=\"611\">megaloblastin\u0119 ma\u017eakraujyst\u0119<\/strong>. Ji taip pat saugo <strong data-end=\"692\" data-start=\"663\">chromosomas nuo pa\u017eeidim\u0173<\/strong>, tad yra <strong data-end=\"730\" data-start=\"702\">ypa\u010d svarbi n\u0117\u0161tumo metu<\/strong> \u2013 u\u017etikrina vaisiaus nervin\u0117s sistemos formavim\u0105si ir padeda i\u0161vengti apsigimim\u0173.<\/p><p data-end=\"1150\" data-start=\"814\">Folio r\u016bg\u0161ties poreikis padid\u0117ja esant <strong data-end=\"871\" data-start=\"853\">\u017earnyno ligoms<\/strong>, <strong data-end=\"888\" data-start=\"873\">epilepsijai<\/strong>, <strong data-end=\"906\" data-start=\"890\">alkoholizmui<\/strong>, <strong data-end=\"932\" data-start=\"908\">narkotik\u0173 vartojimui<\/strong>, <strong data-end=\"974\" data-start=\"934\">vartojant hormoninius kontraceptikus<\/strong>, <strong data-end=\"1002\" data-start=\"976\">sergant kepen\u0173 ligomis<\/strong>, <strong data-end=\"1021\" data-start=\"1004\">ma\u017eakraujyste<\/strong>, n\u0117\u0161tumo bei <strong data-end=\"1046\" data-start=\"1035\">\u017eindymo<\/strong> laikotarpiu. Da\u017eniausi nat\u016bral\u016bs \u0161altiniai \u2013 <strong data-end=\"1149\" data-start=\"1092\">\u017ealios lapin\u0117s dar\u017eov\u0117s, kepenys, inkstai, kiau\u0161iniai<\/strong>.<\/p><p data-end=\"1382\" data-start=\"1152\"><strong data-end=\"1173\" data-start=\"1152\">Tyrimo principas:<\/strong> Folio r\u016bg\u0161ties koncentracija nustatoma i\u0161 veninio kraujo (serumo) arba eritrocit\u0173, imunocheminiu ar spektrometriniu metodu. Rezultatai pateikiami nanogramais mililitre (ng\/ml) arba nanomoliais litre (nmol\/l).<\/p><p data-end=\"1403\" data-start=\"1384\"><strong data-end=\"1403\" data-start=\"1384\">Rekomendacijos:<\/strong><\/p><ul><li data-end=\"1967\" data-start=\"1405\">Rekomenduojama atlikti \u012ftariant vitamino B9 tr\u016bkum\u0105 \u2013 esant silpnumui, ma\u017eakraujystei, neurologiniams simptomams.<\/li><li data-end=\"1967\" data-start=\"1405\">Naudinga n\u0117\u0161\u010dioms moterims ir planuojant n\u0117\u0161tum\u0105 \u2013 d\u0117l vaisiaus nervin\u0117s sistemos vystymosi.<\/li><li data-end=\"1967\" data-start=\"1405\">Skiriama pacientams, sergantiems \u017earnyno ligomis (pvz., celiakija), alkoholizmu, vartojantiems tam tikrus vaistus (pvz., metotreksat\u0105, antiepilepsinius).<\/li><li data-end=\"1967\" data-start=\"1405\">Tinka vertinant neai\u0161kios kilm\u0117s nuovarg\u012f, atminties pablog\u0117jim\u0105, plauk\u0173 slinkim\u0105.<\/li><li data-end=\"1967\" data-start=\"1405\">Tyrimui rekomenduojama atvykti nevalgius \u2013 bent 8 val., vengti folio r\u016bg\u0161ties papild\u0173 1\u20132 dienas prie\u0161 tyrim\u0105.<\/li><\/ul>\t\t\t\t\t\t\t\t<\/div>\n\t\t\t\t<\/div>\n\t\t\t\t\t<\/div>\n\t\t\t\t<\/div>\n\t\t<div class=\"elementor-element elementor-element-69892197 e-con-full e-flex e-con e-child\" data-id=\"69892197\" data-element_type=\"container\" data-e-type=\"container\" data-settings=\"{&quot;background_background&quot;:&quot;classic&quot;}\">\n\t\t\t\t<div class=\"elementor-element elementor-element-1d5a3a55 elementor-widget elementor-widget-ideapark-heading\" data-id=\"1d5a3a55\" data-element_type=\"widget\" data-e-type=\"widget\" data-widget_type=\"ideapark-heading.default\">\n\t\t\t\t<div class=\"elementor-widget-container\">\n\t\t\t\t\t<div class=\"c-ip-heading c-ip-heading--small c-ip-heading--center c-ip-heading--bullet-hide\"><span class=\"c-ip-heading__inner\">REGISTRUOKIT\u0116S INTERNETU<\/span><\/div>\t\t\t\t<\/div>\n\t\t\t\t<\/div>\n\t\t\t\t<div class=\"elementor-element elementor-element-433ff031 elementor-align-center elementor-widget elementor-widget-button\" data-id=\"433ff031\" data-element_type=\"widget\" data-e-type=\"widget\" data-widget_type=\"button.default\">\n\t\t\t\t<div class=\"elementor-widget-container\">\n\t\t\t\t\t\t\t\t\t<div class=\"elementor-button-wrapper\">\n\t\t\t\t\t<a class=\"elementor-button elementor-button-link elementor-size-sm\" href=\"https:\/\/serveonline.lt\/cd3f8281-8a3c-4cda-9f55-0d38b44c062b\/company\" target=\"_blank\">\n\t\t\t\t\t\t<span class=\"elementor-button-content-wrapper\">\n\t\t\t\t\t\t\t\t\t<span class=\"elementor-button-text\">REGISTRACIJA PER SERVE.LT<\/span>\n\t\t\t\t\t<\/span>\n\t\t\t\t\t<\/a>\n\t\t\t\t<\/div>\n\t\t\t\t\t\t\t\t<\/div>\n\t\t\t\t<\/div>\n\t\t\t\t<\/div>\n\t\t<div class=\"elementor-element elementor-element-3a112175 e-flex e-con-boxed e-con e-parent\" data-id=\"3a112175\" data-element_type=\"container\" data-e-type=\"container\">\n\t\t\t\t\t<div class=\"e-con-inner\">\n\t\t\t\t<div class=\"elementor-element elementor-element-72dc852a elementor-widget elementor-widget-ideapark-heading\" data-id=\"72dc852a\" data-element_type=\"widget\" data-e-type=\"widget\" data-widget_type=\"ideapark-heading.default\">\n\t\t\t\t<div class=\"elementor-widget-container\">\n\t\t\t\t\t<div class=\"c-ip-heading c-ip-heading--small c-ip-heading--center c-ip-heading--bullet-hide\"><span class=\"c-ip-heading__inner\">SEKITE MUS instagram<\/span><\/div>\t\t\t\t<\/div>\n\t\t\t\t<\/div>\n\t\t\t\t<div class=\"elementor-element elementor-element-4b9896aa elementor-widget elementor-widget-ideapark-heading\" data-id=\"4b9896aa\" data-element_type=\"widget\" data-e-type=\"widget\" data-widget_type=\"ideapark-heading.default\">\n\t\t\t\t<div class=\"elementor-widget-container\">\n\t\t\t\t\t<div class=\"c-ip-heading c-ip-heading--medium c-ip-heading--center c-ip-heading--bullet-hide\"><span class=\"c-ip-heading__inner\"><a href=\"http:\/\/www.instagram.com\/miamedic.lt\" target=\"_blank\"> @miamedic.lt<\/a><\/span><\/div>\t\t\t\t<\/div>\n\t\t\t\t<\/div>\n\t\t\t\t\t<\/div>\n\t\t\t\t<\/div>\n\t\t\t\t<\/div>","protected":false},"excerpt":{"rendered":"<p>LABORATORINIAI TYRIMAI Folio r\u016bg\u0161tis Prek\u0117s kodas: 15191 16,00 \u20ac Kraujo pa\u0117mimo mokestis 5,00 \u20ac REGISTRACIJA INTERNETU TYRIMO APRA\u0160YMAS Folio r\u016bg\u0161tis (vitaminas B9)&hellip;<\/p>","protected":false},"author":1,"featured_media":0,"parent":0,"menu_order":0,"comment_status":"closed","ping_status":"closed","template":"elementor_header_footer","meta":{"footnotes":""},"class_list":["post-11716","page","type-page","status-publish","hentry"],"_links":{"self":[{"href":"https:\/\/miamedic.lt\/en\/wp-json\/wp\/v2\/pages\/11716","targetHints":{"allow":["GET"]}}],"collection":[{"href":"https:\/\/miamedic.lt\/en\/wp-json\/wp\/v2\/pages"}],"about":[{"href":"https:\/\/miamedic.lt\/en\/wp-json\/wp\/v2\/types\/page"}],"author":[{"embeddable":true,"href":"https:\/\/miamedic.lt\/en\/wp-json\/wp\/v2\/users\/1"}],"replies":[{"embeddable":true,"href":"https:\/\/miamedic.lt\/en\/wp-json\/wp\/v2\/comments?post=11716"}],"version-history":[{"count":4,"href":"https:\/\/miamedic.lt\/en\/wp-json\/wp\/v2\/pages\/11716\/revisions"}],"predecessor-version":[{"id":11720,"href":"https:\/\/miamedic.lt\/en\/wp-json\/wp\/v2\/pages\/11716\/revisions\/11720"}],"wp:attachment":[{"href":"https:\/\/miamedic.lt\/en\/wp-json\/wp\/v2\/media?parent=11716"}],"curies":[{"name":"wp","href":"https:\/\/api.w.org\/{rel}","templated":true}]}}