{"id":11705,"date":"2025-10-20T18:04:33","date_gmt":"2025-10-20T18:04:33","guid":{"rendered":"https:\/\/miamedic.lt\/?page_id=11705"},"modified":"2025-10-20T18:05:31","modified_gmt":"2025-10-20T18:05:31","slug":"vitaminas-b12","status":"publish","type":"page","link":"https:\/\/miamedic.lt\/en\/vitaminas-b12\/","title":{"rendered":"Vitaminas B12"},"content":{"rendered":"<div data-elementor-type=\"wp-page\" data-elementor-id=\"11705\" class=\"elementor elementor-11705\">\n\t\t\t\t<div class=\"elementor-element elementor-element-2656bb78 e-flex e-con-boxed e-con e-parent\" data-id=\"2656bb78\" data-element_type=\"container\" data-e-type=\"container\">\n\t\t\t\t\t<div class=\"e-con-inner\">\n\t\t<div class=\"elementor-element elementor-element-59ce2527 e-con-full e-flex e-con e-child\" data-id=\"59ce2527\" data-element_type=\"container\" data-e-type=\"container\">\n\t\t\t\t<div class=\"elementor-element elementor-element-10494fb elementor-widget elementor-widget-image\" data-id=\"10494fb\" data-element_type=\"widget\" data-e-type=\"widget\" data-widget_type=\"image.default\">\n\t\t\t\t<div class=\"elementor-widget-container\">\n\t\t\t\t\t\t\t\t\t\t\t\t\t\t\t<img fetchpriority=\"high\" decoding=\"async\" width=\"1800\" height=\"1800\" src=\"https:\/\/miamedic.lt\/wp-content\/uploads\/2025\/10\/laboratoriniai-tyrimai-miamedic.png\" class=\"attachment-full size-full wp-image-11572\" alt=\"laboratoriniai tyrimai miamedic\" srcset=\"https:\/\/miamedic.lt\/wp-content\/uploads\/2025\/10\/laboratoriniai-tyrimai-miamedic.png 1800w, https:\/\/miamedic.lt\/wp-content\/uploads\/2025\/10\/laboratoriniai-tyrimai-miamedic-460x460.png 460w, https:\/\/miamedic.lt\/wp-content\/uploads\/2025\/10\/laboratoriniai-tyrimai-miamedic-1520x1520.png 1520w, https:\/\/miamedic.lt\/wp-content\/uploads\/2025\/10\/laboratoriniai-tyrimai-miamedic-115x115.png 115w, https:\/\/miamedic.lt\/wp-content\/uploads\/2025\/10\/laboratoriniai-tyrimai-miamedic-760x760.png 760w, https:\/\/miamedic.lt\/wp-content\/uploads\/2025\/10\/laboratoriniai-tyrimai-miamedic-12x12.png 12w, https:\/\/miamedic.lt\/wp-content\/uploads\/2025\/10\/laboratoriniai-tyrimai-miamedic-920x920.png 920w, https:\/\/miamedic.lt\/wp-content\/uploads\/2025\/10\/laboratoriniai-tyrimai-miamedic-145x145.png 145w, https:\/\/miamedic.lt\/wp-content\/uploads\/2025\/10\/laboratoriniai-tyrimai-miamedic-290x290.png 290w, https:\/\/miamedic.lt\/wp-content\/uploads\/2025\/10\/laboratoriniai-tyrimai-miamedic-50x50.png 50w, https:\/\/miamedic.lt\/wp-content\/uploads\/2025\/10\/laboratoriniai-tyrimai-miamedic-100x100.png 100w\" sizes=\"(max-width: 1800px) 100vw, 1800px\" \/>\t\t\t\t\t\t\t\t\t\t\t\t\t\t\t<\/div>\n\t\t\t\t<\/div>\n\t\t\t\t<\/div>\n\t\t<div class=\"elementor-element elementor-element-75c3c25d e-con-full e-flex e-con e-child\" data-id=\"75c3c25d\" data-element_type=\"container\" data-e-type=\"container\">\n\t\t\t\t<div class=\"elementor-element elementor-element-24ca7f59 elementor-widget elementor-widget-ideapark-heading\" data-id=\"24ca7f59\" data-element_type=\"widget\" data-e-type=\"widget\" data-widget_type=\"ideapark-heading.default\">\n\t\t\t\t<div class=\"elementor-widget-container\">\n\t\t\t\t\t<div class=\"c-ip-heading c-ip-heading--small c-ip-heading--center c-ip-heading--bullet-hide\"><span class=\"c-ip-heading__inner\">LABORATORINIAI TYRIMAI<\/span><\/div>\t\t\t\t<\/div>\n\t\t\t\t<\/div>\n\t\t\t\t<div class=\"elementor-element elementor-element-7bbf81c6 elementor-widget elementor-widget-ideapark-heading\" data-id=\"7bbf81c6\" data-element_type=\"widget\" data-e-type=\"widget\" data-widget_type=\"ideapark-heading.default\">\n\t\t\t\t<div class=\"elementor-widget-container\">\n\t\t\t\t\t<div class=\"c-ip-heading c-ip-heading--medium c-ip-heading--center c-ip-heading--bullet-hide\"><span class=\"c-ip-heading__inner\">Vitaminas B12<\/span><\/div>\t\t\t\t<\/div>\n\t\t\t\t<\/div>\n\t\t\t\t<div class=\"elementor-element elementor-element-3425485f elementor-widget elementor-widget-ideapark-heading\" data-id=\"3425485f\" data-element_type=\"widget\" data-e-type=\"widget\" data-widget_type=\"ideapark-heading.default\">\n\t\t\t\t<div class=\"elementor-widget-container\">\n\t\t\t\t\t<div class=\"c-ip-heading c-ip-heading--medium c-ip-heading--center c-ip-heading--bullet-hide\"><span class=\"c-ip-heading__inner\">Prek\u0117s kodas: 15193<\/span><\/div>\t\t\t\t<\/div>\n\t\t\t\t<\/div>\n\t\t<div class=\"elementor-element elementor-element-340604fd e-con-full e-flex e-con e-child\" data-id=\"340604fd\" data-element_type=\"container\" data-e-type=\"container\">\n\t\t<div class=\"elementor-element elementor-element-6f1ea8d5 e-con-full e-flex e-con e-child\" data-id=\"6f1ea8d5\" data-element_type=\"container\" data-e-type=\"container\" data-settings=\"{&quot;background_background&quot;:&quot;classic&quot;}\">\n\t\t\t\t<div class=\"elementor-element elementor-element-aa17d82 elementor-widget elementor-widget-heading\" data-id=\"aa17d82\" data-element_type=\"widget\" data-e-type=\"widget\" data-widget_type=\"heading.default\">\n\t\t\t\t<div class=\"elementor-widget-container\">\n\t\t\t\t\t<h2 class=\"elementor-heading-title elementor-size-default\">20,00 \u20ac<\/h2>\t\t\t\t<\/div>\n\t\t\t\t<\/div>\n\t\t\t\t<\/div>\n\t\t\t\t<\/div>\n\t\t<div class=\"elementor-element elementor-element-3bec3aa0 e-con-full e-flex e-con e-child\" data-id=\"3bec3aa0\" data-element_type=\"container\" data-e-type=\"container\">\n\t\t\t\t<div class=\"elementor-element elementor-element-65171ba9 elementor-view-default elementor-position-block-start elementor-mobile-position-block-start elementor-widget elementor-widget-icon-box\" data-id=\"65171ba9\" data-element_type=\"widget\" data-e-type=\"widget\" data-widget_type=\"icon-box.default\">\n\t\t\t\t<div class=\"elementor-widget-container\">\n\t\t\t\t\t\t\t<div class=\"elementor-icon-box-wrapper\">\n\n\t\t\t\t\t\t<div class=\"elementor-icon-box-icon\">\n\t\t\t\t<span  class=\"elementor-icon\">\n\t\t\t\t<svg aria-hidden=\"true\" class=\"e-font-icon-svg e-fas-info-circle\" viewbox=\"0 0 512 512\" xmlns=\"http:\/\/www.w3.org\/2000\/svg\"><path d=\"M256 8C119.043 8 8 119.083 8 256c0 136.997 111.043 248 248 248s248-111.003 248-248C504 119.083 392.957 8 256 8zm0 110c23.196 0 42 18.804 42 42s-18.804 42-42 42-42-18.804-42-42 18.804-42 42-42zm56 254c0 6.627-5.373 12-12 12h-88c-6.627 0-12-5.373-12-12v-24c0-6.627 5.373-12 12-12h12v-64h-12c-6.627 0-12-5.373-12-12v-24c0-6.627 5.373-12 12-12h64c6.627 0 12 5.373 12 12v100h12c6.627 0 12 5.373 12 12v24z\"><\/path><\/svg>\t\t\t\t<\/span>\n\t\t\t<\/div>\n\t\t\t\n\t\t\t\t\t\t<div class=\"elementor-icon-box-content\">\n\n\t\t\t\t\t\t\t\t\t<h3 class=\"elementor-icon-box-title\">\n\t\t\t\t\t\t<span  >\n\t\t\t\t\t\t\tKraujo pa\u0117mimo mokestis 5,00 \u20ac \t\t\t\t\t\t<\/span>\n\t\t\t\t\t<\/h3>\n\t\t\t\t\n\t\t\t\t\n\t\t\t<\/div>\n\t\t\t\n\t\t<\/div>\n\t\t\t\t\t\t<\/div>\n\t\t\t\t<\/div>\n\t\t\t\t<div class=\"elementor-element elementor-element-6a1a7113 elementor-align-center elementor-widget elementor-widget-button\" data-id=\"6a1a7113\" data-element_type=\"widget\" data-e-type=\"widget\" data-widget_type=\"button.default\">\n\t\t\t\t<div class=\"elementor-widget-container\">\n\t\t\t\t\t\t\t\t\t<div class=\"elementor-button-wrapper\">\n\t\t\t\t\t<a class=\"elementor-button elementor-button-link elementor-size-sm\" href=\"https:\/\/serveonline.lt\/cd3f8281-8a3c-4cda-9f55-0d38b44c062b\/company\" target=\"_blank\">\n\t\t\t\t\t\t<span class=\"elementor-button-content-wrapper\">\n\t\t\t\t\t\t\t\t\t<span class=\"elementor-button-text\">REGISTRACIJA INTERNETU<\/span>\n\t\t\t\t\t<\/span>\n\t\t\t\t\t<\/a>\n\t\t\t\t<\/div>\n\t\t\t\t\t\t\t\t<\/div>\n\t\t\t\t<\/div>\n\t\t\t\t<\/div>\n\t\t\t\t<\/div>\n\t\t\t\t\t<\/div>\n\t\t\t\t<\/div>\n\t\t<div class=\"elementor-element elementor-element-7a191fdc e-flex e-con-boxed e-con e-parent\" data-id=\"7a191fdc\" data-element_type=\"container\" data-e-type=\"container\" data-settings=\"{&quot;background_background&quot;:&quot;classic&quot;}\">\n\t\t\t\t\t<div class=\"e-con-inner\">\n\t\t\t\t<div class=\"elementor-element elementor-element-4678887c elementor-widget elementor-widget-ideapark-heading\" data-id=\"4678887c\" data-element_type=\"widget\" data-e-type=\"widget\" data-widget_type=\"ideapark-heading.default\">\n\t\t\t\t<div class=\"elementor-widget-container\">\n\t\t\t\t\t<div class=\"c-ip-heading c-ip-heading--medium c-ip-heading--center c-ip-heading--bullet-hide\"><span class=\"c-ip-heading__inner\">TYRIMO APRA\u0160YMAS<\/span><\/div>\t\t\t\t<\/div>\n\t\t\t\t<\/div>\n\t\t\t\t\t<\/div>\n\t\t\t\t<\/div>\n\t\t<div class=\"elementor-element elementor-element-257b7a01 e-flex e-con-boxed e-con e-parent\" data-id=\"257b7a01\" data-element_type=\"container\" data-e-type=\"container\">\n\t\t\t\t\t<div class=\"e-con-inner\">\n\t\t\t\t<div class=\"elementor-element elementor-element-4acdbcbd elementor-widget elementor-widget-text-editor\" data-id=\"4acdbcbd\" data-element_type=\"widget\" data-e-type=\"widget\" data-widget_type=\"text-editor.default\">\n\t\t\t\t<div class=\"elementor-widget-container\">\n\t\t\t\t\t\t\t\t\t<p data-end=\"501\" data-start=\"109\"><strong data-end=\"146\" data-start=\"109\">Vitamino B12 (kobalamino) tyrimas<\/strong> \u2013 tai kraujo tyrimas, skirtas \u012fvertinti <strong data-end=\"237\" data-start=\"187\">\u0161io gyvybi\u0161kai svarbaus vitamino koncentracij\u0105<\/strong> organizme. Vitaminas B12 b\u016btinas <strong data-end=\"370\" data-start=\"271\">DNR sintezei, raudon\u0173j\u0173 kraujo k\u016bneli\u0173 brendimui, nerv\u0173 sistemos veiklai ir energijos apykaitai<\/strong>. Jo tr\u016bkumas da\u017eniausiai pasirei\u0161kia <strong data-end=\"448\" data-start=\"408\">makrocitine (megaloblastine) anemija<\/strong>, taip pat gali sukelti <strong data-end=\"500\" data-start=\"472\">neurologinius sutrikimus<\/strong>.<\/p><p data-end=\"708\" data-start=\"503\">Tyrimas naudingas, kai nustatomi padid\u0117j\u0119 <strong data-end=\"569\" data-start=\"545\">MCV ir MCH rodikliai<\/strong>, pasirei\u0161kia <strong data-end=\"614\" data-start=\"583\">silpnumas, trombocitopenija<\/strong>, b\u016bdingi <strong data-end=\"662\" data-start=\"624\">granulocit\u0173 morfologiniai poky\u010diai<\/strong> ar randami <strong data-end=\"707\" data-start=\"674\">megaloblastai kaul\u0173 \u010diulpuose<\/strong>.<\/p><p data-end=\"1220\" data-start=\"710\">Vitaminas B12 nebesintezuojamas \u017emogaus organizme, tod\u0117l jo <strong data-end=\"822\" data-start=\"770\">tr\u016bkumas gali i\u0161sivystyti d\u0117l \u012fvairi\u0173 prie\u017eas\u010di\u0173<\/strong>:\u00a0<br \/>\u2013 skrand\u017eio ligos (atrofinis gastritas, v\u0117\u017eys, operuotas skrandis),<br data-end=\"894\" data-start=\"891\" \/>\u2013 \u017earnyno patologijos (malabsorbcija, Crohn liga, divertikulioz\u0117, helmintai),<br data-end=\"974\" data-start=\"971\" \/>\u2013 kaul\u0173 \u010diulp\u0173 ligos (idiopatin\u0117 megaloblastin\u0117 anemija),<br data-end=\"1034\" data-start=\"1031\" \/>\u2013 medikament\u0173 poveikio (barbit\u016bratai, kontraceptikai, metforminas, citostatikai),<br data-end=\"1118\" data-start=\"1115\" \/>\u2013 alkoholizmo, kepen\u0173 ar kasos lig\u0173,<br data-end=\"1157\" data-start=\"1154\" \/>\u2013 retai \u2013 transportini\u0173 baltym\u0173 ar kobalto apykaitos sutrikim\u0173.<\/p><p data-end=\"1339\" data-start=\"1222\">B12 tr\u016bkumas taip pat gali b\u016bti <strong data-end=\"1267\" data-start=\"1254\">maskuotas<\/strong> ar imituojamas kit\u0173 lig\u0173, pvz., <strong data-end=\"1338\" data-start=\"1300\">leukemijos ar preleukemini\u0173 b\u016bkli\u0173<\/strong>.<\/p><p data-end=\"1591\" data-start=\"1341\"><strong data-end=\"1362\" data-start=\"1341\">Tyrimo principas:<\/strong> Vitaminas B12 nustatomas i\u0161 veninio kraujo serumo imunochemine analize. Rezultatai pateikiami pmol\/l arba pg\/ml vienetais. Esant neai\u0161kiems rezultatams, gali b\u016bti vertinamas <strong data-end=\"1583\" data-start=\"1537\">holo-transkobalamino (aktyvios B12 formos)<\/strong> kiekis.<\/p><p data-end=\"1612\" data-start=\"1593\"><strong data-end=\"1612\" data-start=\"1593\">Rekomendacijos:<\/strong><\/p><ul><li data-end=\"2180\" data-start=\"1614\">Rekomenduojama atlikti \u012ftariant makrocitin\u0119 ar megaloblastin\u0119 anemij\u0105.<\/li><li data-end=\"2180\" data-start=\"1614\">Naudinga vertinant neurologinius simptomus \u2013 parestezijas, vibracijos jutimo sutrikim\u0105, atminties silpn\u0117jim\u0105.<\/li><li data-end=\"2180\" data-start=\"1614\">Skiriama pacientams, sergantiems \u017earnyno, skrand\u017eio, kepen\u0173 ar kasos ligomis, bei vartojantiems vaistus, galin\u010dius ma\u017einti B12 \u012fsisavinim\u0105.<\/li><li data-end=\"2180\" data-start=\"1614\">Atliekama n\u0117\u0161\u010dioms moterims, veganams, vyresnio am\u017eiaus \u017emon\u0117ms bei esant neai\u0161kios kilm\u0117s nuovargiui ar kraujo rodikli\u0173 poky\u010diams.<\/li><li data-end=\"2180\" data-start=\"1614\">Tyrimui rekomenduojama atvykti nevalgius \u2013 bent 8 val., nevartoti papild\u0173 su B12 1\u20132 dienas prie\u0161 tyrim\u0105.<\/li><\/ul>\t\t\t\t\t\t\t\t<\/div>\n\t\t\t\t<\/div>\n\t\t\t\t\t<\/div>\n\t\t\t\t<\/div>\n\t\t<div class=\"elementor-element elementor-element-5b8f12cf e-con-full e-flex e-con e-child\" data-id=\"5b8f12cf\" data-element_type=\"container\" data-e-type=\"container\" data-settings=\"{&quot;background_background&quot;:&quot;classic&quot;}\">\n\t\t\t\t<div class=\"elementor-element elementor-element-1db6141e elementor-widget elementor-widget-ideapark-heading\" data-id=\"1db6141e\" data-element_type=\"widget\" data-e-type=\"widget\" data-widget_type=\"ideapark-heading.default\">\n\t\t\t\t<div class=\"elementor-widget-container\">\n\t\t\t\t\t<div class=\"c-ip-heading c-ip-heading--small c-ip-heading--center c-ip-heading--bullet-hide\"><span class=\"c-ip-heading__inner\">REGISTRUOKIT\u0116S INTERNETU<\/span><\/div>\t\t\t\t<\/div>\n\t\t\t\t<\/div>\n\t\t\t\t<div class=\"elementor-element elementor-element-26dce6b1 elementor-align-center elementor-widget elementor-widget-button\" data-id=\"26dce6b1\" data-element_type=\"widget\" data-e-type=\"widget\" data-widget_type=\"button.default\">\n\t\t\t\t<div class=\"elementor-widget-container\">\n\t\t\t\t\t\t\t\t\t<div class=\"elementor-button-wrapper\">\n\t\t\t\t\t<a class=\"elementor-button elementor-button-link elementor-size-sm\" href=\"https:\/\/serveonline.lt\/cd3f8281-8a3c-4cda-9f55-0d38b44c062b\/company\" target=\"_blank\">\n\t\t\t\t\t\t<span class=\"elementor-button-content-wrapper\">\n\t\t\t\t\t\t\t\t\t<span class=\"elementor-button-text\">REGISTRACIJA PER SERVE.LT<\/span>\n\t\t\t\t\t<\/span>\n\t\t\t\t\t<\/a>\n\t\t\t\t<\/div>\n\t\t\t\t\t\t\t\t<\/div>\n\t\t\t\t<\/div>\n\t\t\t\t<\/div>\n\t\t<div class=\"elementor-element elementor-element-7760328c e-flex e-con-boxed e-con e-parent\" data-id=\"7760328c\" data-element_type=\"container\" data-e-type=\"container\">\n\t\t\t\t\t<div class=\"e-con-inner\">\n\t\t\t\t<div class=\"elementor-element elementor-element-5a72284 elementor-widget elementor-widget-ideapark-heading\" data-id=\"5a72284\" data-element_type=\"widget\" data-e-type=\"widget\" data-widget_type=\"ideapark-heading.default\">\n\t\t\t\t<div class=\"elementor-widget-container\">\n\t\t\t\t\t<div class=\"c-ip-heading c-ip-heading--small c-ip-heading--center c-ip-heading--bullet-hide\"><span class=\"c-ip-heading__inner\">SEKITE MUS instagram<\/span><\/div>\t\t\t\t<\/div>\n\t\t\t\t<\/div>\n\t\t\t\t<div class=\"elementor-element elementor-element-434f1f9a elementor-widget elementor-widget-ideapark-heading\" data-id=\"434f1f9a\" data-element_type=\"widget\" data-e-type=\"widget\" data-widget_type=\"ideapark-heading.default\">\n\t\t\t\t<div class=\"elementor-widget-container\">\n\t\t\t\t\t<div class=\"c-ip-heading c-ip-heading--medium c-ip-heading--center c-ip-heading--bullet-hide\"><span class=\"c-ip-heading__inner\"><a href=\"http:\/\/www.instagram.com\/miamedic.lt\" target=\"_blank\"> @miamedic.lt<\/a><\/span><\/div>\t\t\t\t<\/div>\n\t\t\t\t<\/div>\n\t\t\t\t\t<\/div>\n\t\t\t\t<\/div>\n\t\t\t\t<\/div>","protected":false},"excerpt":{"rendered":"<p>LABORATORINIAI TYRIMAI Vitaminas B12 Prek\u0117s kodas: 15193 20,00 \u20ac Kraujo pa\u0117mimo mokestis 5,00 \u20ac REGISTRACIJA INTERNETU TYRIMO APRA\u0160YMAS Vitamino B12 (kobalamino) tyrimas&hellip;<\/p>","protected":false},"author":1,"featured_media":0,"parent":0,"menu_order":0,"comment_status":"closed","ping_status":"closed","template":"elementor_header_footer","meta":{"footnotes":""},"class_list":["post-11705","page","type-page","status-publish","hentry"],"_links":{"self":[{"href":"https:\/\/miamedic.lt\/en\/wp-json\/wp\/v2\/pages\/11705","targetHints":{"allow":["GET"]}}],"collection":[{"href":"https:\/\/miamedic.lt\/en\/wp-json\/wp\/v2\/pages"}],"about":[{"href":"https:\/\/miamedic.lt\/en\/wp-json\/wp\/v2\/types\/page"}],"author":[{"embeddable":true,"href":"https:\/\/miamedic.lt\/en\/wp-json\/wp\/v2\/users\/1"}],"replies":[{"embeddable":true,"href":"https:\/\/miamedic.lt\/en\/wp-json\/wp\/v2\/comments?post=11705"}],"version-history":[{"count":4,"href":"https:\/\/miamedic.lt\/en\/wp-json\/wp\/v2\/pages\/11705\/revisions"}],"predecessor-version":[{"id":11709,"href":"https:\/\/miamedic.lt\/en\/wp-json\/wp\/v2\/pages\/11705\/revisions\/11709"}],"wp:attachment":[{"href":"https:\/\/miamedic.lt\/en\/wp-json\/wp\/v2\/media?parent=11705"}],"curies":[{"name":"wp","href":"https:\/\/api.w.org\/{rel}","templated":true}]}}