{"id":1009,"date":"2020-12-04T19:44:55","date_gmt":"2020-12-04T16:44:55","guid":{"rendered":"https:\/\/miamedic.lt\/?page_id=1009"},"modified":"2025-04-14T17:52:46","modified_gmt":"2025-04-14T17:52:46","slug":"featured","status":"publish","type":"page","link":"https:\/\/miamedic.lt\/en\/featured\/","title":{"rendered":"Featured"},"content":{"rendered":"<div data-elementor-type=\"wp-page\" data-elementor-id=\"1009\" class=\"elementor elementor-1009\">\n\t\t\t\t\t\t<section class=\"elementor-section elementor-top-section elementor-element elementor-element-6c81dfe elementor-section-full_width elementor-section-height-default elementor-section-height-default\" data-id=\"6c81dfe\" data-element_type=\"section\" data-e-type=\"section\">\n\t\t\t\t\t\t<div class=\"elementor-container elementor-column-gap-no\">\n\t\t\t\t\t<div class=\"elementor-column elementor-col-100 elementor-top-column elementor-element elementor-element-9a0dbfe\" data-id=\"9a0dbfe\" data-element_type=\"column\" data-e-type=\"column\">\n\t\t\t<div class=\"elementor-widget-wrap elementor-element-populated\">\n\t\t\t\t\t\t<div class=\"elementor-element elementor-element-a46699e elementor-widget elementor-widget-ideapark-page-header\" data-id=\"a46699e\" data-element_type=\"widget\" data-e-type=\"widget\" data-widget_type=\"ideapark-page-header.default\">\n\t\t\t\t<div class=\"elementor-widget-container\">\n\t\t\t\t\t\t<header\n\t\tclass=\"l-section c-page-header c-page-header--header-type-4 c-page-header--default c-page-header--low\"\n\t\t>\n\n\t\t\t\t\t<div class=\"c-page-header__wrap\">\n\t\t\t\t\t\t\t\t\t<h1 class=\"c-page-header__title\">Marta's recommendation<\/h1>\n\t\t\t\t\t\t\t<\/div>\n\t\t\t\t\t\t\t<div class=\"c-page-header__spacer\"><\/div>\n\t\t\t<\/header>\n\t\t\t\t<\/div>\n\t\t\t\t<\/div>\n\t\t\t\t\t<\/div>\n\t\t<\/div>\n\t\t\t\t\t<\/div>\n\t\t<\/section>\n\t\t\t\t<section class=\"elementor-section elementor-top-section elementor-element elementor-element-4abe06e elementor-section-boxed elementor-section-height-default elementor-section-height-default\" data-id=\"4abe06e\" data-element_type=\"section\" data-e-type=\"section\">\n\t\t\t\t\t\t<div class=\"elementor-container elementor-column-gap-no\">\n\t\t\t\t\t<div class=\"elementor-column elementor-col-100 elementor-top-column elementor-element elementor-element-764d054\" data-id=\"764d054\" data-element_type=\"column\" data-e-type=\"column\">\n\t\t\t<div class=\"elementor-widget-wrap elementor-element-populated\">\n\t\t\t\t\t\t<div class=\"elementor-element elementor-element-7d86e68 elementor-widget elementor-widget-shortcode\" data-id=\"7d86e68\" data-element_type=\"widget\" data-e-type=\"widget\" data-widget_type=\"shortcode.default\">\n\t\t\t\t<div class=\"elementor-widget-container\">\n\t\t\t\t\t\t\t<div class=\"elementor-shortcode\"><div class=\"woocommerce columns-4\"><div\n\tclass=\"c-product-grid__wrap c-product-grid__wrap--4-per-row  c-product-grid__wrap--1-per-row\">\n\t<div\n\t\tclass=\"c-product-grid__list c-product-grid__list--4-per-row\">\n\t\t<!-- grid-start --><div class=\"c-product-grid__item c-product-grid__item--4-per-row c-product-grid__item--normal c-product-grid__item--hover c-product-grid__item--1-per-row product type-product post-4667 status-publish first instock product_cat-spf-veido-prieziura has-post-thumbnail featured taxable shipping-taxable product-type-external\">\r\n\t<div class=\"c-product-grid__badges c-badge__list\"><span class=\"c-badge c-badge--featured\">Recommended<\/span><\/div><!-- .c-product-grid__badges --><div class=\"c-product-grid__thumb-wrap c-product-grid__thumb-wrap--buttons\"><a href=\"https:\/\/miamedic.lt\/en\/shop\/broad-spectrum-sunscreen-spf-50\/\" class=\"woocommerce-LoopProduct-link woocommerce-loop-product__link\"><img fetchpriority=\"high\" decoding=\"async\" width=\"260\" height=\"230\" src=\"https:\/\/miamedic.lt\/wp-content\/uploads\/2025\/03\/Broad-Spectrum-Sunscreen-SPF-50-260x230.png\" class=\"c-product-grid__thumb c-product-grid__thumb--cover\" alt=\"Broad-Spectrum Sunscreen SPF 50\" srcset=\"https:\/\/miamedic.lt\/wp-content\/uploads\/2025\/03\/Broad-Spectrum-Sunscreen-SPF-50-260x230.png 260w, https:\/\/miamedic.lt\/wp-content\/uploads\/2025\/03\/Broad-Spectrum-Sunscreen-SPF-50-12x12.png 12w, https:\/\/miamedic.lt\/wp-content\/uploads\/2025\/03\/Broad-Spectrum-Sunscreen-SPF-50-520x460.png 520w\" sizes=\"(max-width: 260px) 100vw, 260px\" \/><\/a>\t<div class=\"c-product-grid__thumb-button-list\">\n\t\t\t\t\t\t\t<button\n\t\t\t\tclass=\"h-cb c-product-grid__thumb-button js-grid-zoom\"\n\t\t\t\ttype=\"button\"\n\t\t\t\tdata-lang=\"en_US\"\n\t\t\t\tdata-product-id=\"4667\"\n\t\t\t\taria-label=\"Quick View\">\n\t\t\t\t<i class=\"ip-eye c-product-grid__icon c-product-grid__icon--normal c-product-grid__icon--quickview\"><\/i><i\n\t\t\t\t\tclass=\"ip-eye_hover c-product-grid__icon c-product-grid__icon--hover\"><\/i>\n\t\t\t<\/button>\n\t\t\t\t\t\t\t<button class=\"js-wishlist-btn c-wishlist__btn c-wishlist__item-4667-btn h-cb c-product-grid__thumb-button\" data-product-id=\"4667\" data-title=\"Wishlist\" aria-label=\"Wishlist\"><i class=\"ip-heart c-product-grid__icon c-product-grid__icon--wishlist c-wishlist__btn-icon c-wishlist__btn-icon-normal\"><\/i><i class=\"ip-heart_hover c-product-grid__icon c-product-grid__icon--wishlist c-wishlist__btn-icon c-wishlist__btn-icon--hover\"><\/i><\/button>\t\t\t<\/div>\n<\/div><!-- .c-product-grid__thumb-wrap --><a href=\"https:\/\/miamedic.lt\/en\/konsultacija\/\" aria-describedby=\"woocommerce_loop_add_to_cart_link_describedby_4667\" data-quantity=\"1\" class=\"h-cb c-product-grid__atc button product_type_external\" data-product_id=\"4667\" data-product_sku=\"MM0061\" aria-label=\"Consultation\" rel=\"nofollow\"><span class=\"c-product-grid__atc-text\">Consultation<\/span><i class=\"ip-button-more c-product-grid__atc-icon\"><\/i><\/a>\t<span id=\"woocommerce_loop_add_to_cart_link_describedby_4667\" class=\"screen-reader-text\">\n\t\t\t<\/span>\n<div class=\"c-product-grid__details\"><div class=\"c-product-grid__title-wrap\"><a href=\"https:\/\/miamedic.lt\/en\/shop\/broad-spectrum-sunscreen-spf-50\/\" class=\"woocommerce-LoopProduct-link woocommerce-loop-product__link\"><h2 class=\"woocommerce-loop-product__title\">Spectrum Sunscreen SPF 50<\/h2><\/a><a href=\"https:\/\/miamedic.lt\/en\/shop\/broad-spectrum-sunscreen-spf-50\/\" class=\"woocommerce-LoopProduct-link woocommerce-loop-product__link\">\t<div class=\"c-product-grid__short-desc\">\n\t\t<p>Tai pa\u017eangi, mineraliniais filtrais pagr\u012fsta apsauga nuo \u017ealingo saul\u0117s poveikio.<\/p>\n<p><strong>Zo Skin Health products can only be purchased after a consultation.<\/strong><\/p>\n\t<\/div>\n<\/a><div class=\"c-product-grid__star-rating\"><\/div><\/div>\n\t\t\t<!-- .c-product-grid__title-wrap -->\n\t\t\t<div class=\"c-product-grid__price-wrap\">\n<\/div>\n\t\t\t<!-- .c-product-grid__price-wrap --><\/div><!-- .c-product-grid__details --><\/div>\r\n<!-- grid-end -->\n<\/div>\n<\/div>\n<\/div><\/div>\n\t\t\t\t\t\t<\/div>\n\t\t\t\t<\/div>\n\t\t\t\t\t<\/div>\n\t\t<\/div>\n\t\t\t\t\t<\/div>\n\t\t<\/section>\n\t\t\t\t<\/div>","protected":false},"excerpt":{"rendered":"<p>Marta's recommendation<\/p>","protected":false},"author":1,"featured_media":0,"parent":0,"menu_order":0,"comment_status":"closed","ping_status":"closed","template":"elementor_header_footer","meta":{"footnotes":""},"class_list":["post-1009","page","type-page","status-publish","hentry"],"_links":{"self":[{"href":"https:\/\/miamedic.lt\/en\/wp-json\/wp\/v2\/pages\/1009","targetHints":{"allow":["GET"]}}],"collection":[{"href":"https:\/\/miamedic.lt\/en\/wp-json\/wp\/v2\/pages"}],"about":[{"href":"https:\/\/miamedic.lt\/en\/wp-json\/wp\/v2\/types\/page"}],"author":[{"embeddable":true,"href":"https:\/\/miamedic.lt\/en\/wp-json\/wp\/v2\/users\/1"}],"replies":[{"embeddable":true,"href":"https:\/\/miamedic.lt\/en\/wp-json\/wp\/v2\/comments?post=1009"}],"version-history":[{"count":3,"href":"https:\/\/miamedic.lt\/en\/wp-json\/wp\/v2\/pages\/1009\/revisions"}],"predecessor-version":[{"id":5608,"href":"https:\/\/miamedic.lt\/en\/wp-json\/wp\/v2\/pages\/1009\/revisions\/5608"}],"wp:attachment":[{"href":"https:\/\/miamedic.lt\/en\/wp-json\/wp\/v2\/media?parent=1009"}],"curies":[{"name":"wp","href":"https:\/\/api.w.org\/{rel}","templated":true}]}}